{"id":887,"date":"2017-06-17T20:30:23","date_gmt":"2017-06-17T20:30:23","guid":{"rendered":"http:\/\/om3management.com\/servicios-copy\/"},"modified":"2024-09-22T19:11:56","modified_gmt":"2024-09-22T19:11:56","slug":"equipo","status":"publish","type":"page","link":"https:\/\/om3.es\/es\/equipo\/","title":{"rendered":"Equipo Directivo"},"content":{"rendered":"<div class=\"wpb-content-wrapper\">[vc_row full_width=\u00bbstretch_row\u00bb css=\u00bb.vc_custom_1497632264805{padding-top: 40px !important;}\u00bb][vc_column][vc_column_text css=\u00bb.vc_custom_1615671031984{margin-bottom: 30px !important;}\u00bb]\n<div style=\"text-align: center;\">\n<p>Los socios de <strong style=\"color: #fa0000;\">OM3<\/strong> est\u00e1n acostumbrados a recibir encargos en todo el mundo, adem\u00e1s de haber sido responsables de la gesti\u00f3n de inversiones inmobiliarias hoteleras en torno a los mil millones de d\u00f3lares, con experiencia acumulada de m\u00e1s de 60 a\u00f1os en el sector.<\/p>\n<\/div>\n[\/vc_column_text][vc_row_inner][vc_column_inner]<div class=\"vcex-module vcex-staff-grid-wrap wpex-clr\"><div class=\"wpex-row vcex-staff-grid entries wpex-clr\"><div class=\"staff-entry vcex-grid-item span_1_of_4 col col-1 has-readmore post-2974 entry type-staff has-media translation_priority-173\"><div class=\"staff-entry-inner entry-inner wpex-first-mt-0 wpex-last-mb-0 wpex-clr\"><div class=\"staff-entry-media entry-media wpex-mb-20\"><a href=\"https:\/\/om3.es\/es\/staff-member\/alejandro-moreno\/\" title=\"Alejandro Moreno\" class=\"staff-entry-media-link\"><img width=\"377\" height=\"503\" src=\"https:\/\/om3.es\/wp-content\/uploads\/2017\/06\/alejandro-.jpg\" class=\"staff-entry-media-img staff-entry-img wpex-align-middle wpex-align-middle\" alt=\"Alejandro\" loading=\"lazy\" decoding=\"async\" srcset=\"https:\/\/om3.es\/wp-content\/uploads\/2017\/06\/alejandro-.jpg 377w, https:\/\/om3.es\/wp-content\/uploads\/2017\/06\/alejandro--225x300.jpg 225w\" sizes=\"(max-width: 377px) 100vw, 377px\" \/><\/a><\/div><div class=\"staff-entry-details entry-details wpex-first-mt-0 wpex-last-mb-0 wpex-clr\"><h2 class=\"staff-entry-title entry-title wpex-mb-5\"><a href=\"https:\/\/om3.es\/es\/staff-member\/alejandro-moreno\/\">Alejandro Moreno<\/a><\/h2><div class=\"staff-entry-excerpt entry-excerpt wpex-my-15 wpex-last-mb-0 wpex-clr\">Ingeniero Superior en Organizaci\u00f3n Industrial por la Universitat Polit\u00e9cnica de Catalunya (UPC). Executive MBA por IESE (Barcelona)...<\/div><div class=\"staff-entry-readmore-wrap entry-readmore-wrap wpex-my-15 wpex-clr\"><a href=\"https:\/\/om3.es\/es\/staff-member\/alejandro-moreno\/\" class=\"theme-button\" aria-label=\"Leer m\u00e1s about Alejandro Moreno\">Leer m\u00e1s<\/a><\/div><\/div><\/div><\/div><div class=\"staff-entry vcex-grid-item span_1_of_4 col col-2 has-readmore post-2978 entry type-staff has-media translation_priority-173\"><div class=\"staff-entry-inner entry-inner wpex-first-mt-0 wpex-last-mb-0 wpex-clr\"><div class=\"staff-entry-media entry-media wpex-mb-20\"><a href=\"https:\/\/om3.es\/es\/staff-member\/javier-munoz\/\" title=\"Javier Mu\u00f1oz\" class=\"staff-entry-media-link\"><img width=\"377\" height=\"503\" src=\"https:\/\/om3.es\/wp-content\/uploads\/2017\/06\/jm-om3.jpg\" class=\"staff-entry-media-img staff-entry-img wpex-align-middle wpex-align-middle\" alt=\"Javier Mu\u00f1oz\" loading=\"lazy\" decoding=\"async\" srcset=\"https:\/\/om3.es\/wp-content\/uploads\/2017\/06\/jm-om3.jpg 377w, https:\/\/om3.es\/wp-content\/uploads\/2017\/06\/jm-om3-225x300.jpg 225w\" sizes=\"(max-width: 377px) 100vw, 377px\" \/><\/a><\/div><div class=\"staff-entry-details entry-details wpex-first-mt-0 wpex-last-mb-0 wpex-clr\"><h2 class=\"staff-entry-title entry-title wpex-mb-5\"><a href=\"https:\/\/om3.es\/es\/staff-member\/javier-munoz\/\">Javier Mu\u00f1oz<\/a><\/h2><div class=\"staff-entry-excerpt entry-excerpt wpex-my-15 wpex-last-mb-0 wpex-clr\">Ingeniero Superior de Minas por la Universidad Polit\u00e9cnica de Madrid. Hotel Real Estate and Asset Management certificate...<\/div><div class=\"staff-entry-readmore-wrap entry-readmore-wrap wpex-my-15 wpex-clr\"><a href=\"https:\/\/om3.es\/es\/staff-member\/javier-munoz\/\" class=\"theme-button\" aria-label=\"Leer m\u00e1s about Javier Mu\u00f1oz\">Leer m\u00e1s<\/a><\/div><\/div><\/div><\/div><div class=\"staff-entry vcex-grid-item span_1_of_4 col col-3 has-readmore post-2979 entry type-staff has-media translation_priority-173\"><div class=\"staff-entry-inner entry-inner wpex-first-mt-0 wpex-last-mb-0 wpex-clr\"><div class=\"staff-entry-media entry-media wpex-mb-20\"><a href=\"https:\/\/om3.es\/es\/staff-member\/fernando-osa\/\" title=\"Fernando Osa\" class=\"staff-entry-media-link\"><img width=\"377\" height=\"503\" src=\"https:\/\/om3.es\/wp-content\/uploads\/2017\/06\/Fernando-Osa.jpg\" class=\"staff-entry-media-img staff-entry-img wpex-align-middle wpex-align-middle\" alt=\"Fernando-Osa\" loading=\"lazy\" decoding=\"async\" srcset=\"https:\/\/om3.es\/wp-content\/uploads\/2017\/06\/Fernando-Osa.jpg 377w, https:\/\/om3.es\/wp-content\/uploads\/2017\/06\/Fernando-Osa-225x300.jpg 225w\" sizes=\"(max-width: 377px) 100vw, 377px\" \/><\/a><\/div><div class=\"staff-entry-details entry-details wpex-first-mt-0 wpex-last-mb-0 wpex-clr\"><h2 class=\"staff-entry-title entry-title wpex-mb-5\"><a href=\"https:\/\/om3.es\/es\/staff-member\/fernando-osa\/\">Fernando Osa<\/a><\/h2><div class=\"staff-entry-excerpt entry-excerpt wpex-my-15 wpex-last-mb-0 wpex-clr\">Ingeniero Superior de Minas por la Universidad Polit\u00e9cnica de Madrid. Especialista en Administraci\u00f3n y gesti\u00f3n de empresas por...<\/div><div class=\"staff-entry-readmore-wrap entry-readmore-wrap wpex-my-15 wpex-clr\"><a href=\"https:\/\/om3.es\/es\/staff-member\/fernando-osa\/\" class=\"theme-button\" aria-label=\"Leer m\u00e1s about Fernando Osa\">Leer m\u00e1s<\/a><\/div><\/div><\/div><\/div><div class=\"staff-entry vcex-grid-item span_1_of_4 col col-4 has-readmore post-3037 entry type-staff has-media translation_priority-173\"><div class=\"staff-entry-inner entry-inner wpex-first-mt-0 wpex-last-mb-0 wpex-clr\"><div class=\"staff-entry-media entry-media wpex-mb-20\"><a href=\"https:\/\/om3.es\/es\/staff-member\/enric-venancio\/\" title=\"Enric Venancio\" class=\"staff-entry-media-link\"><img width=\"377\" height=\"503\" src=\"https:\/\/om3.es\/wp-content\/uploads\/2024\/09\/Enric-Venancio-3.jpg\" class=\"staff-entry-media-img staff-entry-img wpex-align-middle wpex-align-middle\" alt=\"Enric Venancio\" loading=\"lazy\" decoding=\"async\" srcset=\"https:\/\/om3.es\/wp-content\/uploads\/2024\/09\/Enric-Venancio-3.jpg 377w, https:\/\/om3.es\/wp-content\/uploads\/2024\/09\/Enric-Venancio-3-225x300.jpg 225w\" sizes=\"(max-width: 377px) 100vw, 377px\" \/><\/a><\/div><div class=\"staff-entry-details entry-details wpex-first-mt-0 wpex-last-mb-0 wpex-clr\"><h2 class=\"staff-entry-title entry-title wpex-mb-5\"><a href=\"https:\/\/om3.es\/es\/staff-member\/enric-venancio\/\">Enric Venancio<\/a><\/h2><div class=\"staff-entry-excerpt entry-excerpt wpex-my-15 wpex-last-mb-0 wpex-clr\">Asesor y directivo con amplia trayectoria en los sectores financiero, inmobiliario y de infraestructuras. Ha sido adem\u00e1s miembro de...<\/div><div class=\"staff-entry-readmore-wrap entry-readmore-wrap wpex-my-15 wpex-clr\"><a href=\"https:\/\/om3.es\/es\/staff-member\/enric-venancio\/\" class=\"theme-button\" aria-label=\"Leer m\u00e1s about Enric Venancio\">Leer m\u00e1s<\/a><\/div><\/div><\/div><\/div><\/div><\/div>[\/vc_column_inner][\/vc_row_inner][\/vc_column][\/vc_row]\n<\/div>","protected":false},"excerpt":{"rendered":"<p>[vc_row full_width=\u00bbstretch_row\u00bb css=\u00bb.vc_custom_1497632264805{padding-top: 40px !important;}\u00bb][vc_column][vc_column_text css=\u00bb.vc_custom_1615671031984{margin-bottom: 30px !important;}\u00bb] Los socios de OM3 est\u00e1n acostumbrados a recibir encargos en todo el mundo, adem\u00e1s de haber sido responsables de la gesti\u00f3n de inversiones inmobiliarias hoteleras en torno a los mil millones de d\u00f3lares, con experiencia acumulada de m\u00e1s de 60 a\u00f1os en el sector. [\/vc_column_text][vc_row_inner][vc_column_inner][\/vc_column_inner][\/vc_row_inner][\/vc_column][\/vc_row]<\/p>\n","protected":false},"author":1,"featured_media":0,"parent":0,"menu_order":0,"comment_status":"closed","ping_status":"closed","template":"","meta":{"inline_featured_image":false,"footnotes":""},"yoast_head":"<!-- This site is optimized with the Yoast SEO plugin v22.8 - https:\/\/yoast.com\/wordpress\/plugins\/seo\/ -->\n<title>Equipo Directivo | OM3 Hospitality<\/title>\n<meta name=\"description\" content=\"Los socios de OM3 est\u00e1n acostumbrados a recibir encargos en todo el mundo, adem\u00e1s de haber sido responsables de la gesti\u00f3n de inversiones...\" \/>\n<meta name=\"robots\" content=\"index, follow, max-snippet:-1, max-image-preview:large, max-video-preview:-1\" \/>\n<link rel=\"canonical\" href=\"https:\/\/om3.es\/es\/equipo\/\" \/>\n<meta property=\"og:locale\" content=\"es_ES\" \/>\n<meta property=\"og:type\" content=\"article\" \/>\n<meta property=\"og:title\" content=\"Equipo Directivo | OM3 Hospitality\" \/>\n<meta property=\"og:description\" content=\"Los socios de OM3 est\u00e1n acostumbrados a recibir encargos en todo el mundo, adem\u00e1s de haber sido responsables de la gesti\u00f3n de inversiones...\" \/>\n<meta property=\"og:url\" content=\"https:\/\/om3.es\/es\/equipo\/\" \/>\n<meta property=\"og:site_name\" content=\"OM3 Hospitality\" \/>\n<meta property=\"article:modified_time\" content=\"2024-09-22T19:11:56+00:00\" \/>\n<meta name=\"twitter:card\" content=\"summary_large_image\" \/>\n<meta name=\"twitter:label1\" content=\"Tiempo de lectura\" \/>\n\t<meta name=\"twitter:data1\" content=\"1 minuto\" \/>\n<script type=\"application\/ld+json\" class=\"yoast-schema-graph\">{\"@context\":\"https:\/\/schema.org\",\"@graph\":[{\"@type\":\"WebPage\",\"@id\":\"https:\/\/om3.es\/es\/equipo\/\",\"url\":\"https:\/\/om3.es\/es\/equipo\/\",\"name\":\"Equipo Directivo | OM3 Hospitality\",\"isPartOf\":{\"@id\":\"https:\/\/om3.es\/es\/#website\"},\"datePublished\":\"2017-06-17T20:30:23+00:00\",\"dateModified\":\"2024-09-22T19:11:56+00:00\",\"description\":\"Los socios de OM3 est\u00e1n acostumbrados a recibir encargos en todo el mundo, adem\u00e1s de haber sido responsables de la gesti\u00f3n de inversiones...\",\"breadcrumb\":{\"@id\":\"https:\/\/om3.es\/es\/equipo\/#breadcrumb\"},\"inLanguage\":\"es\",\"potentialAction\":[{\"@type\":\"ReadAction\",\"target\":[\"https:\/\/om3.es\/es\/equipo\/\"]}]},{\"@type\":\"BreadcrumbList\",\"@id\":\"https:\/\/om3.es\/es\/equipo\/#breadcrumb\",\"itemListElement\":[{\"@type\":\"ListItem\",\"position\":1,\"name\":\"Portada\",\"item\":\"https:\/\/om3.es\/es\/\"},{\"@type\":\"ListItem\",\"position\":2,\"name\":\"Equipo Directivo\"}]},{\"@type\":\"WebSite\",\"@id\":\"https:\/\/om3.es\/es\/#website\",\"url\":\"https:\/\/om3.es\/es\/\",\"name\":\"OM3 Management\",\"description\":\"Consultora de Desarrollo Hotelero\",\"publisher\":{\"@id\":\"https:\/\/om3.es\/es\/#organization\"},\"potentialAction\":[{\"@type\":\"SearchAction\",\"target\":{\"@type\":\"EntryPoint\",\"urlTemplate\":\"https:\/\/om3.es\/es\/?s={search_term_string}\"},\"query-input\":\"required name=search_term_string\"}],\"inLanguage\":\"es\"},{\"@type\":\"Organization\",\"@id\":\"https:\/\/om3.es\/es\/#organization\",\"name\":\"OM3 Management \u00b7 Consultora de Desarrollo Hotelero\",\"url\":\"https:\/\/om3.es\/es\/\",\"logo\":{\"@type\":\"ImageObject\",\"inLanguage\":\"es\",\"@id\":\"https:\/\/om3.es\/es\/#\/schema\/logo\/image\/\",\"url\":\"https:\/\/om3.es\/wp-content\/uploads\/2018\/05\/om3-logo.svg\",\"contentUrl\":\"https:\/\/om3.es\/wp-content\/uploads\/2018\/05\/om3-logo.svg\",\"width\":339.4,\"height\":113.5,\"caption\":\"OM3 Management \u00b7 Consultora de Desarrollo Hotelero\"},\"image\":{\"@id\":\"https:\/\/om3.es\/es\/#\/schema\/logo\/image\/\"}}]}<\/script>\n<!-- \/ Yoast SEO plugin. -->","yoast_head_json":{"title":"Equipo Directivo | OM3 Hospitality","description":"Los socios de OM3 est\u00e1n acostumbrados a recibir encargos en todo el mundo, adem\u00e1s de haber sido responsables de la gesti\u00f3n de inversiones...","robots":{"index":"index","follow":"follow","max-snippet":"max-snippet:-1","max-image-preview":"max-image-preview:large","max-video-preview":"max-video-preview:-1"},"canonical":"https:\/\/om3.es\/es\/equipo\/","og_locale":"es_ES","og_type":"article","og_title":"Equipo Directivo | OM3 Hospitality","og_description":"Los socios de OM3 est\u00e1n acostumbrados a recibir encargos en todo el mundo, adem\u00e1s de haber sido responsables de la gesti\u00f3n de inversiones...","og_url":"https:\/\/om3.es\/es\/equipo\/","og_site_name":"OM3 Hospitality","article_modified_time":"2024-09-22T19:11:56+00:00","twitter_card":"summary_large_image","twitter_misc":{"Tiempo de lectura":"1 minuto"},"schema":{"@context":"https:\/\/schema.org","@graph":[{"@type":"WebPage","@id":"https:\/\/om3.es\/es\/equipo\/","url":"https:\/\/om3.es\/es\/equipo\/","name":"Equipo Directivo | OM3 Hospitality","isPartOf":{"@id":"https:\/\/om3.es\/es\/#website"},"datePublished":"2017-06-17T20:30:23+00:00","dateModified":"2024-09-22T19:11:56+00:00","description":"Los socios de OM3 est\u00e1n acostumbrados a recibir encargos en todo el mundo, adem\u00e1s de haber sido responsables de la gesti\u00f3n de inversiones...","breadcrumb":{"@id":"https:\/\/om3.es\/es\/equipo\/#breadcrumb"},"inLanguage":"es","potentialAction":[{"@type":"ReadAction","target":["https:\/\/om3.es\/es\/equipo\/"]}]},{"@type":"BreadcrumbList","@id":"https:\/\/om3.es\/es\/equipo\/#breadcrumb","itemListElement":[{"@type":"ListItem","position":1,"name":"Portada","item":"https:\/\/om3.es\/es\/"},{"@type":"ListItem","position":2,"name":"Equipo Directivo"}]},{"@type":"WebSite","@id":"https:\/\/om3.es\/es\/#website","url":"https:\/\/om3.es\/es\/","name":"OM3 Management","description":"Consultora de Desarrollo Hotelero","publisher":{"@id":"https:\/\/om3.es\/es\/#organization"},"potentialAction":[{"@type":"SearchAction","target":{"@type":"EntryPoint","urlTemplate":"https:\/\/om3.es\/es\/?s={search_term_string}"},"query-input":"required name=search_term_string"}],"inLanguage":"es"},{"@type":"Organization","@id":"https:\/\/om3.es\/es\/#organization","name":"OM3 Management \u00b7 Consultora de Desarrollo Hotelero","url":"https:\/\/om3.es\/es\/","logo":{"@type":"ImageObject","inLanguage":"es","@id":"https:\/\/om3.es\/es\/#\/schema\/logo\/image\/","url":"https:\/\/om3.es\/wp-content\/uploads\/2018\/05\/om3-logo.svg","contentUrl":"https:\/\/om3.es\/wp-content\/uploads\/2018\/05\/om3-logo.svg","width":339.4,"height":113.5,"caption":"OM3 Management \u00b7 Consultora de Desarrollo Hotelero"},"image":{"@id":"https:\/\/om3.es\/es\/#\/schema\/logo\/image\/"}}]}},"_links":{"self":[{"href":"https:\/\/om3.es\/es\/wp-json\/wp\/v2\/pages\/887"}],"collection":[{"href":"https:\/\/om3.es\/es\/wp-json\/wp\/v2\/pages"}],"about":[{"href":"https:\/\/om3.es\/es\/wp-json\/wp\/v2\/types\/page"}],"author":[{"embeddable":true,"href":"https:\/\/om3.es\/es\/wp-json\/wp\/v2\/users\/1"}],"replies":[{"embeddable":true,"href":"https:\/\/om3.es\/es\/wp-json\/wp\/v2\/comments?post=887"}],"version-history":[{"count":36,"href":"https:\/\/om3.es\/es\/wp-json\/wp\/v2\/pages\/887\/revisions"}],"predecessor-version":[{"id":3048,"href":"https:\/\/om3.es\/es\/wp-json\/wp\/v2\/pages\/887\/revisions\/3048"}],"wp:attachment":[{"href":"https:\/\/om3.es\/es\/wp-json\/wp\/v2\/media?parent=887"}],"curies":[{"name":"wp","href":"https:\/\/api.w.org\/{rel}","templated":true}]}}