{"id":742,"date":"2017-06-15T15:54:15","date_gmt":"2017-06-15T15:54:15","guid":{"rendered":"http:\/\/om3management.com\/?page_id=742"},"modified":"2025-06-09T15:08:16","modified_gmt":"2025-06-09T15:08:16","slug":"consultoria-tecnica-hotelera","status":"publish","type":"page","link":"https:\/\/om3.es\/es\/servicios\/consultoria-tecnica-hotelera\/","title":{"rendered":"Consultor\u00eda T\u00e9cnica Hotelera"},"content":{"rendered":"<div class=\"wpb-content-wrapper\">[vc_row equal_height=\u00bbyes\u00bb css=\u00bb.vc_custom_1497781957508{border-left-width: 3px !important;padding-left: 10px !important;border-left-color: #f0f0f0 !important;border-left-style: solid !important;}\u00bb][vc_column][vc_separator css=\u00bb.vc_custom_1497777507757{margin-bottom: 30px !important;}\u00bb]<div class=\"vcex-module vcex-icon-box vcex-icon-box-one wpex-flex wpex-text-left\"><div class=\"vcex-icon-box-symbol wpex-flex-shrink-0 wpex-mr-20\"><div class=\"vcex-icon-box-icon wpex-inline-flex wpex-items-center wpex-justify-center wpex-child-inherit-color wpex-text-center wpex-leading-none wpex-text-1 wpex-p-15\" style=\"color:#ffffff;border-radius:50%;background:#fa0000;\"><span aria-hidden=\"true\" class=\"vc-oi vc-oi-cd\"><\/span><\/div><\/div><div class=\"vcex-icon-box-text wpex-flex-grow\"><h2 class=\"vcex-icon-box-heading wpex-heading wpex-text-md wpex-mb-10\" style=\"font-weight:300;color:#777777;--wpex-hover-heading-link-color:#777777;letter-spacing:1px;text-transform:uppercase;\">Consultor\u00eda T\u00e9cnica Hotelera<\/h2><div class=\"vcex-icon-box-content wpex-last-mb-0 wpex-clr\"><h4>Viabilidad y Conceptualizaci\u00f3n<\/h4>\n<ul>\n<li class=\"m_-3426345244884922483MsoListParagraph\">Desarrollar un programa\u00a0<i>facilities\u00a0<\/i>\u00f3ptimo<i>\u00a0<\/i>del Proyecto, coordinado con el cliente y el operador.<\/li>\n<li class=\"m_-3426345244884922483MsoListParagraph\">Establecer y negociar los est\u00e1ndares de dise\u00f1o de aplicaci\u00f3n.<\/li>\n<li class=\"m_-3426345244884922483MsoListParagraph\">Desarrollar una planificaci\u00f3n especial, teniendo en cuanta el\u00a0<i>Front y el Back of House<\/i>.<\/li>\n<\/ul>\n<h4>Due Diligence T\u00e9cnica<\/h4>\n<ul>\n<li class=\"m_-3426345244884922483MsoListParagraph\">Revisi\u00f3n de toda la documentaci\u00f3n y estado del activo.<\/li>\n<li class=\"m_-3426345244884922483MsoListParagraph\">An\u00e1lisis del cumpliento urban\u00edstico y t\u00e9cnico-contractual.<u><\/u><u><\/u><\/li>\n<li class=\"m_-3426345244884922483MsoListParagraph\">Estimaci\u00f3n de Capex anualizado.<\/li>\n<\/ul>\n<h4>Gesti\u00f3n Eficiencia Energ\u00e9tica<\/h4>\n<ul type=\"disc\">\n<li class=\"m_-3426345244884922483MsoListParagraph\">Licitaci\u00f3n y contrataci\u00f3n de equipos especializados.<u><\/u><u><\/u><\/li>\n<li class=\"m_-3426345244884922483MsoListParagraph\">Supervisi\u00f3n del dise\u00f1o y los proyectos asociados.<u><\/u><u><\/u><\/li>\n<li class=\"m_-3426345244884922483MsoListParagraph\">Monitorizaci\u00f3n de los trabajos, legalizaciones y de las subvenciones.<\/li>\n<\/ul>\n<\/div><\/div><\/div>[\/vc_column][\/vc_row]\n<\/div>","protected":false},"excerpt":{"rendered":"<p>[vc_row equal_height=\u00bbyes\u00bb css=\u00bb.vc_custom_1497781957508{border-left-width: 3px !important;padding-left: 10px !important;border-left-color: #f0f0f0 !important;border-left-style: solid !important;}\u00bb][vc_column][vc_separator css=\u00bb.vc_custom_1497777507757{margin-bottom: 30px !important;}\u00bb][\/vc_column][\/vc_row]<\/p>\n","protected":false},"author":1,"featured_media":0,"parent":171,"menu_order":0,"comment_status":"closed","ping_status":"closed","template":"","meta":{"inline_featured_image":false,"footnotes":""},"yoast_head":"<!-- This site is optimized with the Yoast SEO plugin v22.8 - https:\/\/yoast.com\/wordpress\/plugins\/seo\/ -->\n<title>Consultor\u00eda T\u00e9cnica Hotelera | OM3 Hospitality<\/title>\n<meta name=\"description\" content=\"Consultor\u00eda T\u00e9cnica Hotelera. Viabilidad y conceptualizaci\u00f3n. Desarrollar un programa facilities \u00f3ptimo del Proyecto, coordinado con...\" \/>\n<meta name=\"robots\" content=\"index, follow, max-snippet:-1, max-image-preview:large, max-video-preview:-1\" \/>\n<link rel=\"canonical\" href=\"https:\/\/om3.es\/es\/servicios\/consultoria-tecnica-hotelera\/\" \/>\n<meta property=\"og:locale\" content=\"es_ES\" \/>\n<meta property=\"og:type\" content=\"article\" \/>\n<meta property=\"og:title\" content=\"Consultor\u00eda T\u00e9cnica Hotelera | OM3 Hospitality\" \/>\n<meta property=\"og:description\" content=\"Consultor\u00eda T\u00e9cnica Hotelera. Viabilidad y conceptualizaci\u00f3n. Desarrollar un programa facilities \u00f3ptimo del Proyecto, coordinado con...\" \/>\n<meta property=\"og:url\" content=\"https:\/\/om3.es\/es\/servicios\/consultoria-tecnica-hotelera\/\" \/>\n<meta property=\"og:site_name\" content=\"OM3 Hospitality\" \/>\n<meta property=\"article:modified_time\" content=\"2025-06-09T15:08:16+00:00\" \/>\n<meta name=\"twitter:card\" content=\"summary_large_image\" \/>\n<meta name=\"twitter:label1\" content=\"Tiempo de lectura\" \/>\n\t<meta name=\"twitter:data1\" content=\"1 minuto\" \/>\n<script type=\"application\/ld+json\" class=\"yoast-schema-graph\">{\"@context\":\"https:\/\/schema.org\",\"@graph\":[{\"@type\":\"WebPage\",\"@id\":\"https:\/\/om3.es\/es\/servicios\/consultoria-tecnica-hotelera\/\",\"url\":\"https:\/\/om3.es\/es\/servicios\/consultoria-tecnica-hotelera\/\",\"name\":\"Consultor\u00eda T\u00e9cnica Hotelera | OM3 Hospitality\",\"isPartOf\":{\"@id\":\"https:\/\/om3.es\/es\/#website\"},\"datePublished\":\"2017-06-15T15:54:15+00:00\",\"dateModified\":\"2025-06-09T15:08:16+00:00\",\"description\":\"Consultor\u00eda T\u00e9cnica Hotelera. Viabilidad y conceptualizaci\u00f3n. Desarrollar un programa facilities \u00f3ptimo del Proyecto, coordinado con...\",\"breadcrumb\":{\"@id\":\"https:\/\/om3.es\/es\/servicios\/consultoria-tecnica-hotelera\/#breadcrumb\"},\"inLanguage\":\"es\",\"potentialAction\":[{\"@type\":\"ReadAction\",\"target\":[\"https:\/\/om3.es\/es\/servicios\/consultoria-tecnica-hotelera\/\"]}]},{\"@type\":\"BreadcrumbList\",\"@id\":\"https:\/\/om3.es\/es\/servicios\/consultoria-tecnica-hotelera\/#breadcrumb\",\"itemListElement\":[{\"@type\":\"ListItem\",\"position\":1,\"name\":\"Portada\",\"item\":\"https:\/\/om3.es\/es\/\"},{\"@type\":\"ListItem\",\"position\":2,\"name\":\"Servicios\",\"item\":\"https:\/\/om3.es\/es\/servicios\/\"},{\"@type\":\"ListItem\",\"position\":3,\"name\":\"Consultor\u00eda T\u00e9cnica Hotelera\"}]},{\"@type\":\"WebSite\",\"@id\":\"https:\/\/om3.es\/es\/#website\",\"url\":\"https:\/\/om3.es\/es\/\",\"name\":\"OM3 Management\",\"description\":\"Consultora de Desarrollo Hotelero\",\"publisher\":{\"@id\":\"https:\/\/om3.es\/es\/#organization\"},\"potentialAction\":[{\"@type\":\"SearchAction\",\"target\":{\"@type\":\"EntryPoint\",\"urlTemplate\":\"https:\/\/om3.es\/es\/?s={search_term_string}\"},\"query-input\":\"required name=search_term_string\"}],\"inLanguage\":\"es\"},{\"@type\":\"Organization\",\"@id\":\"https:\/\/om3.es\/es\/#organization\",\"name\":\"OM3 Management \u00b7 Consultora de Desarrollo Hotelero\",\"url\":\"https:\/\/om3.es\/es\/\",\"logo\":{\"@type\":\"ImageObject\",\"inLanguage\":\"es\",\"@id\":\"https:\/\/om3.es\/es\/#\/schema\/logo\/image\/\",\"url\":\"https:\/\/om3.es\/wp-content\/uploads\/2018\/05\/om3-logo.svg\",\"contentUrl\":\"https:\/\/om3.es\/wp-content\/uploads\/2018\/05\/om3-logo.svg\",\"width\":339.4,\"height\":113.5,\"caption\":\"OM3 Management \u00b7 Consultora de Desarrollo Hotelero\"},\"image\":{\"@id\":\"https:\/\/om3.es\/es\/#\/schema\/logo\/image\/\"}}]}<\/script>\n<!-- \/ Yoast SEO plugin. -->","yoast_head_json":{"title":"Consultor\u00eda T\u00e9cnica Hotelera | OM3 Hospitality","description":"Consultor\u00eda T\u00e9cnica Hotelera. Viabilidad y conceptualizaci\u00f3n. Desarrollar un programa facilities \u00f3ptimo del Proyecto, coordinado con...","robots":{"index":"index","follow":"follow","max-snippet":"max-snippet:-1","max-image-preview":"max-image-preview:large","max-video-preview":"max-video-preview:-1"},"canonical":"https:\/\/om3.es\/es\/servicios\/consultoria-tecnica-hotelera\/","og_locale":"es_ES","og_type":"article","og_title":"Consultor\u00eda T\u00e9cnica Hotelera | OM3 Hospitality","og_description":"Consultor\u00eda T\u00e9cnica Hotelera. Viabilidad y conceptualizaci\u00f3n. Desarrollar un programa facilities \u00f3ptimo del Proyecto, coordinado con...","og_url":"https:\/\/om3.es\/es\/servicios\/consultoria-tecnica-hotelera\/","og_site_name":"OM3 Hospitality","article_modified_time":"2025-06-09T15:08:16+00:00","twitter_card":"summary_large_image","twitter_misc":{"Tiempo de lectura":"1 minuto"},"schema":{"@context":"https:\/\/schema.org","@graph":[{"@type":"WebPage","@id":"https:\/\/om3.es\/es\/servicios\/consultoria-tecnica-hotelera\/","url":"https:\/\/om3.es\/es\/servicios\/consultoria-tecnica-hotelera\/","name":"Consultor\u00eda T\u00e9cnica Hotelera | OM3 Hospitality","isPartOf":{"@id":"https:\/\/om3.es\/es\/#website"},"datePublished":"2017-06-15T15:54:15+00:00","dateModified":"2025-06-09T15:08:16+00:00","description":"Consultor\u00eda T\u00e9cnica Hotelera. Viabilidad y conceptualizaci\u00f3n. Desarrollar un programa facilities \u00f3ptimo del Proyecto, coordinado con...","breadcrumb":{"@id":"https:\/\/om3.es\/es\/servicios\/consultoria-tecnica-hotelera\/#breadcrumb"},"inLanguage":"es","potentialAction":[{"@type":"ReadAction","target":["https:\/\/om3.es\/es\/servicios\/consultoria-tecnica-hotelera\/"]}]},{"@type":"BreadcrumbList","@id":"https:\/\/om3.es\/es\/servicios\/consultoria-tecnica-hotelera\/#breadcrumb","itemListElement":[{"@type":"ListItem","position":1,"name":"Portada","item":"https:\/\/om3.es\/es\/"},{"@type":"ListItem","position":2,"name":"Servicios","item":"https:\/\/om3.es\/es\/servicios\/"},{"@type":"ListItem","position":3,"name":"Consultor\u00eda T\u00e9cnica Hotelera"}]},{"@type":"WebSite","@id":"https:\/\/om3.es\/es\/#website","url":"https:\/\/om3.es\/es\/","name":"OM3 Management","description":"Consultora de Desarrollo Hotelero","publisher":{"@id":"https:\/\/om3.es\/es\/#organization"},"potentialAction":[{"@type":"SearchAction","target":{"@type":"EntryPoint","urlTemplate":"https:\/\/om3.es\/es\/?s={search_term_string}"},"query-input":"required name=search_term_string"}],"inLanguage":"es"},{"@type":"Organization","@id":"https:\/\/om3.es\/es\/#organization","name":"OM3 Management \u00b7 Consultora de Desarrollo Hotelero","url":"https:\/\/om3.es\/es\/","logo":{"@type":"ImageObject","inLanguage":"es","@id":"https:\/\/om3.es\/es\/#\/schema\/logo\/image\/","url":"https:\/\/om3.es\/wp-content\/uploads\/2018\/05\/om3-logo.svg","contentUrl":"https:\/\/om3.es\/wp-content\/uploads\/2018\/05\/om3-logo.svg","width":339.4,"height":113.5,"caption":"OM3 Management \u00b7 Consultora de Desarrollo Hotelero"},"image":{"@id":"https:\/\/om3.es\/es\/#\/schema\/logo\/image\/"}}]}},"_links":{"self":[{"href":"https:\/\/om3.es\/es\/wp-json\/wp\/v2\/pages\/742"}],"collection":[{"href":"https:\/\/om3.es\/es\/wp-json\/wp\/v2\/pages"}],"about":[{"href":"https:\/\/om3.es\/es\/wp-json\/wp\/v2\/types\/page"}],"author":[{"embeddable":true,"href":"https:\/\/om3.es\/es\/wp-json\/wp\/v2\/users\/1"}],"replies":[{"embeddable":true,"href":"https:\/\/om3.es\/es\/wp-json\/wp\/v2\/comments?post=742"}],"version-history":[{"count":57,"href":"https:\/\/om3.es\/es\/wp-json\/wp\/v2\/pages\/742\/revisions"}],"predecessor-version":[{"id":3242,"href":"https:\/\/om3.es\/es\/wp-json\/wp\/v2\/pages\/742\/revisions\/3242"}],"up":[{"embeddable":true,"href":"https:\/\/om3.es\/es\/wp-json\/wp\/v2\/pages\/171"}],"wp:attachment":[{"href":"https:\/\/om3.es\/es\/wp-json\/wp\/v2\/media?parent=742"}],"curies":[{"name":"wp","href":"https:\/\/api.w.org\/{rel}","templated":true}]}}