{"id":686,"date":"2017-06-14T18:00:41","date_gmt":"2017-06-14T18:00:41","guid":{"rendered":"http:\/\/om3management.com\/home-copy\/"},"modified":"2025-06-10T20:18:42","modified_gmt":"2025-06-10T20:18:42","slug":"home-copy","status":"publish","type":"page","link":"https:\/\/om3.es\/es\/","title":{"rendered":"Consultora de Desarrollo Hotelero"},"content":{"rendered":"<div class=\"wpb-content-wrapper\">[vc_row disable_element=\u00bbyes\u00bb css=\u00bb.vc_custom_1749150928276{padding-top: 50px !important;}\u00bb][vc_column][vc_column_text]\n<h1 style=\"text-align: center;\"><strong>Firm specialized in Hospitality Asset Development<\/strong><\/h1>\n<h2 style=\"text-align: center; color: #666;\"><strong>We manage the project globally; from its structuring through design, development, construction, fit out and equipment, to opening<\/strong><\/h2>\n[\/vc_column_text][\/vc_column][\/vc_row][vc_row disable_element=\u00bbyes\u00bb css=\u00bb.vc_custom_1618226209741{margin-top: 10px !important;margin-bottom: 0px !important;border-bottom-width: 0px !important;padding-bottom: 0px !important;}\u00bb][vc_column][vc_text_separator title=\u00bbClients\u00bb][\/vc_column][\/vc_row][vc_row full_width=\u00bbstretch_row_content_no_spaces\u00bb disable_element=\u00bbyes\u00bb css=\u00bb.vc_custom_1749578566087{margin-top: 0px !important;margin-bottom: 0px !important;border-bottom-width: 0px !important;padding-top: 20px !important;padding-bottom: 0px !important;background-color: #f6f6f6 !important;}\u00bb][vc_column css=\u00bb.vc_custom_1749498859141{margin-top: 0px !important;margin-bottom: 0px !important;border-top-width: 0px !important;border-bottom-width: 0px !important;padding-top: 0px !important;padding-bottom: 0px !important;}\u00bb][vc_column_text css=\u00bb.vc_custom_1749507003984{margin-top: 0px !important;margin-bottom: 0px !important;border-top-width: 0px !important;border-bottom-width: 0px !important;padding-top: 0px !important;padding-bottom: 0px !important;}\u00bb]\n<h2 style=\"text-align: center;\">ACTIVOS HOTELEROS GESTIONADOS<\/h2>\n[\/vc_column_text][\/vc_column][\/vc_row][vc_row full_width=\u00bbstretch_row_content_no_spaces\u00bb css=\u00bb.vc_custom_1749578573558{padding-top: 30px !important;background-color: #f6f6f6 !important;}\u00bb][vc_column width=\u00bb1\/6&#8243;][\/vc_column][vc_column width=\u00bb2\/3&#8243;][vc_raw_html css=\u00bb\u00bb]JTIwJTIwJTIwJTNDJTIxLS0lMjBDb250ZW5lZG9yJTIwcHJpbmNpcGFsJTIwcGFyYSUyMHBlZ2FyJTIwZW4lMjBlbCUyMGJsb3F1ZSUyMFJhdyUyMEhUTUwlMjBkZSUyMFdQQmFrZXJ5JTIwLS0lM0UlMEElMjAlMjAlMjAlMjAlM0NkaXYlMjBjbGFzcyUzRCUyMmNpcmN1bGFyLWNvdW50ZXJzLXNlY3Rpb24lMjIlM0UlMEElMEElMjAlMjAlMjAlMjAlMjAlMjAlMjAlMjAlM0MlMjEtLSUyMENvbnRhZG9yJTIwMSUzQSUyMEhvdGVsZXMlMjAtLSUzRSUwQSUyMCUyMCUyMCUyMCUyMCUyMCUyMCUyMCUzQ2RpdiUyMGNsYXNzJTNEJTIyY2lyY3VsYXItY291bnRlci1pdGVtJTIwaG90ZWxlcyUyMiUzRSUwQSUyMCUyMCUyMCUyMCUyMCUyMCUyMCUyMCUyMCUyMCUyMCUyMCUzQ2RpdiUyMGNsYXNzJTNEJTIyY2lyY3VsYXItY291bnRlci12YWx1ZSUyMiUyMGRhdGEtdGFyZ2V0JTNEJTIyNDYlMjIlM0UwJTNDJTJGZGl2JTNFJTBBJTIwJTIwJTIwJTIwJTIwJTIwJTIwJTIwJTIwJTIwJTIwJTIwJTNDZGl2JTIwY2xhc3MlM0QlMjJjaXJjdWxhci1jb3VudGVyLWxhYmVsJTIyJTNFSG90ZWxlcyUzQyUyRmRpdiUzRSUwQSUyMCUyMCUyMCUyMCUyMCUyMCUyMCUyMCUzQyUyRmRpdiUzRSUwQSUwQSUyMCUyMCUyMCUyMCUyMCUyMCUyMCUyMCUzQyUyMS0tJTIwQ29udGFkb3IlMjAyJTNBJTIwSGFiaXRhY2lvbmVzJTIwLS0lM0UlMEElMjAlMjAlMjAlMjAlMjAlMjAlMjAlMjAlM0NkaXYlMjBjbGFzcyUzRCUyMmNpcmN1bGFyLWNvdW50ZXItaXRlbSUyMGhhYml0YWNpb25lcyUyMiUzRSUwQSUyMCUyMCUyMCUyMCUyMCUyMCUyMCUyMCUyMCUyMCUyMCUyMCUzQ2RpdiUyMGNsYXNzJTNEJTIyY2lyY3VsYXItY291bnRlci12YWx1ZSUyMiUyMGRhdGEtdGFyZ2V0JTNEJTIyNjMwJTIyJTNFMCUzQyUyRmRpdiUzRSUwQSUyMCUyMCUyMCUyMCUyMCUyMCUyMCUyMCUyMCUyMCUyMCUyMCUzQ2RpdiUyMGNsYXNzJTNEJTIyY2lyY3VsYXItY291bnRlci1sYWJlbCUyMiUzRU0lRTIlODIlQUMlMjBHZXN0aW9uYWRvcyUzQyUyRmRpdiUzRSUwQSUyMCUyMCUyMCUyMCUyMCUyMCUyMCUyMCUzQyUyRmRpdiUzRSUwQSUwQSUyMCUyMCUyMCUyMCUyMCUyMCUyMCUyMCUzQyUyMS0tJTIwQ29udGFkb3IlMjAzJTNBJTIwTWVyY2Fkb3MlMjAtLSUzRSUwQSUyMCUyMCUyMCUyMCUyMCUyMCUyMCUyMCUzQ2RpdiUyMGNsYXNzJTNEJTIyY2lyY3VsYXItY291bnRlci1pdGVtJTIwbWVyY2Fkb3MlMjIlM0UlMEElMjAlMjAlMjAlMjAlMjAlMjAlMjAlMjAlMjAlMjAlMjAlMjAlM0NkaXYlMjBjbGFzcyUzRCUyMmNpcmN1bGFyLWNvdW50ZXItdmFsdWUlMjIlMjBkYXRhLXRhcmdldCUzRCUyMjEyJTIyJTNFMCUzQyUyRmRpdiUzRSUwQSUyMCUyMCUyMCUyMCUyMCUyMCUyMCUyMCUyMCUyMCUyMCUyMCUzQ2RpdiUyMGNsYXNzJTNEJTIyY2lyY3VsYXItY291bnRlci1sYWJlbCUyMiUzRU1lcmNhZG9zJTNDJTJGZGl2JTNFJTBBJTIwJTIwJTIwJTIwJTIwJTIwJTIwJTIwJTNDJTJGZGl2JTNFJTBBJTBBJTIwJTIwJTIwJTIwJTNDJTJGZGl2JTNF[\/vc_raw_html][\/vc_column][vc_column width=\u00bb1\/6&#8243;][\/vc_column][\/vc_row][vc_row full_width=\u00bbstretch_row_content_no_spaces\u00bb][vc_column][vc_raw_html css=\u00bb\u00bb]JTNDZGl2JTIwY2xhc3MlM0QlMjJyZXNwb25zaXZlLWNvbnRhaW5lciUyMiUzRSUwQSUyMCUyMCUyMCUyMCUwQSUyMCUyMCUyMCUyMCUzQyUyMS0tJTIwQmxvcXVlJTIwSXpxdWllcmRvJTIwLS0lM0UlMEElMjAlMjAlMjAlMjAlM0NkaXYlMjBjbGFzcyUzRCUyMmZsZXgtYmxvY2slMjBibG9jay1sZWZ0JTIyJTNFJTBBJTIwJTIwJTIwJTIwJTIwJTIwJTIwJTIwJTNDZGl2JTIwY2xhc3MlM0QlMjJibG9jay1jb250ZW50JTIyJTNFJTBBJTIwJTIwJTIwJTIwJTIwJTIwJTIwJTIwJTIwJTIwJTIwJTIwJTNDcCUyMGNsYXNzJTNEJTIyc3VidGl0bGUlMjIlM0VTRVJWSUNJT1MlM0MlMkZwJTNFJTBBJTIwJTIwJTIwJTIwJTIwJTIwJTIwJTIwJTIwJTIwJTIwJTIwJTNDaDIlM0VFeHBlcnRvcyUyMHF1ZSUyMGltcHVsc2FuJTIwY2FkYSUyMGV0YXBhJTIwZGUlMjBsYSUyMGV4cGVyaWVuY2lhJTIwZGUlMjBzdSUyMGhvdGVsLiUzQyUyRmgyJTNFJTBBJTIwJTIwJTIwJTIwJTIwJTIwJTIwJTIwJTIwJTIwJTIwJTIwJTNDYSUyMGhyZWYlM0QlMjIlMkZlcyUyRnNlcnZpY2lvcyUyRiUyMiUyMGNsYXNzJTNEJTIybGVhcm4tbW9yZSUyMiUzRSVFMiU4MCVCQSUyMExFRVIlMjBNJUMzJTgxUyUzQyUyRmElM0UlMEElMjAlMjAlMjAlMjAlMjAlMjAlMjAlMjAlM0MlMkZkaXYlM0UlMEElMjAlMjAlMjAlMjAlMjAlMjAlMjAlMjAlM0NkaXYlMjBjbGFzcyUzRCUyMmhvdmVyLW92ZXJsYXklMjIlM0UlM0MlMkZkaXYlM0UlMEElMjAlMjAlMjAlMjAlM0MlMkZkaXYlM0UlMEElMjAlMjAlMjAlMjAlMEElMjAlMjAlMjAlMjAlM0MlMjEtLSUyMEJsb3F1ZSUyMERlcmVjaG8lMjAtLSUzRSUwQSUyMCUyMCUyMCUyMCUzQ2RpdiUyMGNsYXNzJTNEJTIyZmxleC1ibG9jayUyMGJsb2NrLXJpZ2h0JTIyJTNFJTBBJTIwJTIwJTIwJTIwJTIwJTIwJTIwJTIwJTNDZGl2JTIwY2xhc3MlM0QlMjJibG9jay1jb250ZW50JTIyJTNFJTBBJTIwJTIwJTIwJTIwJTIwJTIwJTIwJTIwJTIwJTIwJTIwJTIwJTNDcCUyMGNsYXNzJTNEJTIyc3VidGl0bGUlMjIlM0VQUk9ZRUNUT1MlM0MlMkZwJTNFJTBBJTIwJTIwJTIwJTIwJTIwJTIwJTIwJTIwJTIwJTIwJTIwJTIwJTNDaDIlM0VOdWVzdHJvcyUyMHByb3llY3RvcyUyMGNyZWFuJTIwaW1wdWxzbyUyMGVuJTIwbGElMjBpbmR1c3RyaWElMjBob3RlbGVyYS4lM0MlMkZoMiUzRSUwQSUyMCUyMCUyMCUyMCUyMCUyMCUyMCUyMCUyMCUyMCUyMCUyMCUzQ2ElMjBocmVmJTNEJTIyJTJGZXMlMkZwcm95ZWN0b3MlMkYlMjIlMjBjbGFzcyUzRCUyMmxlYXJuLW1vcmUlMjIlM0UlRTIlODAlQkElMjBMRUVSJTIwTSVDMyU4MVMlM0MlMkZhJTNFJTBBJTIwJTIwJTIwJTIwJTIwJTIwJTIwJTIwJTNDJTJGZGl2JTNFJTBBJTIwJTIwJTIwJTIwJTIwJTIwJTIwJTIwJTNDZGl2JTIwY2xhc3MlM0QlMjJob3Zlci1vdmVybGF5JTIyJTNFJTNDJTJGZGl2JTNFJTBBJTIwJTIwJTIwJTIwJTNDJTJGZGl2JTNFJTBBJTIwJTIwJTIwJTIwJTBBJTNDJTJGZGl2JTNF[\/vc_raw_html][\/vc_column][\/vc_row][vc_row disable_element=\u00bbyes\u00bb css=\u00bb.vc_custom_1749578584049{margin-top: 40px !important;margin-bottom: 0px !important;border-bottom-width: 0px !important;padding-bottom: 0px !important;}\u00bb][vc_column][vc_text_separator title=\u00bbOPERADORES Y MARCAS\u00bb css=\u00bb\u00bb][\/vc_column][\/vc_row][vc_row full_width=\u00bbstretch_row_content_no_spaces\u00bb css=\u00bb.vc_custom_1749578591879{padding-top: 20px !important;padding-right: 20px !important;padding-left: 20px !important;}\u00bb][vc_column css=\u00bb.vc_custom_1498312365657{margin-bottom: 60px !important;}\u00bb]<div class=\"vcex-module wpex-carousel wpex-carousel-images wpex-clr owl-carousel\" data-wpex-carousel=\"{&quot;nav&quot;:&quot;false&quot;,&quot;autoplay&quot;:&quot;true&quot;,&quot;slideBy&quot;:1,&quot;responsive&quot;:{&quot;0&quot;:{&quot;items&quot;:&quot;1&quot;},&quot;480&quot;:{&quot;items&quot;:&quot;2&quot;},&quot;768&quot;:{&quot;items&quot;:&quot;3&quot;},&quot;960&quot;:{&quot;items&quot;:&quot;4&quot;}},&quot;autoWidth&quot;:&quot;true&quot;}\"><div class=\"wpex-carousel-slide\"><figure class=\"wpex-carousel-entry-media entry-media\"><img width=\"250\" height=\"101\" src=\"https:\/\/om3.es\/wp-content\/uploads\/2017\/06\/o-andaz.jpg\" class=\"wpex-align-middle skip-lazy\" alt=\"\" data-no-lazy=\"1\" \/><\/figure><\/div><div class=\"wpex-carousel-slide\"><figure class=\"wpex-carousel-entry-media entry-media\"><img width=\"250\" height=\"101\" src=\"https:\/\/om3.es\/wp-content\/uploads\/2017\/06\/o-marriott.jpg\" class=\"wpex-align-middle skip-lazy\" alt=\"\" data-no-lazy=\"1\" \/><\/figure><\/div><div class=\"wpex-carousel-slide\"><figure class=\"wpex-carousel-entry-media entry-media\"><img width=\"250\" height=\"101\" src=\"https:\/\/om3.es\/wp-content\/uploads\/2014\/09\/marriott.jpg\" class=\"wpex-align-middle skip-lazy\" alt=\"\" data-no-lazy=\"1\" \/><\/figure><\/div><div class=\"wpex-carousel-slide\"><figure class=\"wpex-carousel-entry-media entry-media\"><img width=\"250\" height=\"101\" src=\"https:\/\/om3.es\/wp-content\/uploads\/2014\/09\/whotels.jpg\" class=\"wpex-align-middle skip-lazy\" alt=\"\" data-no-lazy=\"1\" \/><\/figure><\/div><div class=\"wpex-carousel-slide\"><figure class=\"wpex-carousel-entry-media entry-media\"><img width=\"250\" height=\"101\" src=\"https:\/\/om3.es\/wp-content\/uploads\/2014\/09\/holiday.jpg\" class=\"wpex-align-middle skip-lazy\" alt=\"\" data-no-lazy=\"1\" \/><\/figure><\/div><div class=\"wpex-carousel-slide\"><figure class=\"wpex-carousel-entry-media entry-media\"><img width=\"250\" height=\"101\" src=\"https:\/\/om3.es\/wp-content\/uploads\/2014\/09\/dream.jpg\" class=\"wpex-align-middle skip-lazy\" alt=\"\" data-no-lazy=\"1\" \/><\/figure><\/div><div class=\"wpex-carousel-slide\"><figure class=\"wpex-carousel-entry-media entry-media\"><img width=\"250\" height=\"101\" src=\"https:\/\/om3.es\/wp-content\/uploads\/2014\/09\/corinthia.jpg\" class=\"wpex-align-middle skip-lazy\" alt=\"\" data-no-lazy=\"1\" \/><\/figure><\/div><div class=\"wpex-carousel-slide\"><figure class=\"wpex-carousel-entry-media entry-media\"><img width=\"250\" height=\"101\" src=\"https:\/\/om3.es\/wp-content\/uploads\/2014\/09\/waldorf.jpg\" class=\"wpex-align-middle skip-lazy\" alt=\"\" data-no-lazy=\"1\" \/><\/figure><\/div><div class=\"wpex-carousel-slide\"><figure class=\"wpex-carousel-entry-media entry-media\"><img width=\"250\" height=\"101\" src=\"https:\/\/om3.es\/wp-content\/uploads\/2014\/09\/mercure.jpg\" class=\"wpex-align-middle skip-lazy\" alt=\"\" data-no-lazy=\"1\" \/><\/figure><\/div><div class=\"wpex-carousel-slide\"><figure class=\"wpex-carousel-entry-media entry-media\"><img width=\"250\" height=\"101\" src=\"https:\/\/om3.es\/wp-content\/uploads\/2014\/09\/steig.jpg\" class=\"wpex-align-middle skip-lazy\" alt=\"\" data-no-lazy=\"1\" \/><\/figure><\/div><div class=\"wpex-carousel-slide\"><figure class=\"wpex-carousel-entry-media entry-media\"><img width=\"250\" height=\"101\" src=\"https:\/\/om3.es\/wp-content\/uploads\/2014\/09\/amari.jpg\" class=\"wpex-align-middle skip-lazy\" alt=\"\" data-no-lazy=\"1\" \/><\/figure><\/div><div class=\"wpex-carousel-slide\"><figure class=\"wpex-carousel-entry-media entry-media\"><img width=\"250\" height=\"101\" src=\"https:\/\/om3.es\/wp-content\/uploads\/2014\/09\/melia.jpg\" class=\"wpex-align-middle skip-lazy\" alt=\"melia\" data-no-lazy=\"1\" \/><\/figure><\/div><div class=\"wpex-carousel-slide\"><figure class=\"wpex-carousel-entry-media entry-media\"><img width=\"250\" height=\"101\" src=\"https:\/\/om3.es\/wp-content\/uploads\/2017\/10\/courtyard-2.jpg\" class=\"wpex-align-middle skip-lazy\" alt=\"\" data-no-lazy=\"1\" \/><\/figure><\/div><div class=\"wpex-carousel-slide\"><figure class=\"wpex-carousel-entry-media entry-media\"><img width=\"250\" height=\"101\" src=\"https:\/\/om3.es\/wp-content\/uploads\/2017\/10\/grand.jpg\" class=\"wpex-align-middle skip-lazy\" alt=\"\" data-no-lazy=\"1\" \/><\/figure><\/div><div class=\"wpex-carousel-slide\"><figure class=\"wpex-carousel-entry-media entry-media\"><img width=\"250\" height=\"101\" src=\"https:\/\/om3.es\/wp-content\/uploads\/2017\/10\/Hampton.jpg\" class=\"wpex-align-middle skip-lazy\" alt=\"\" data-no-lazy=\"1\" \/><\/figure><\/div><div class=\"wpex-carousel-slide\"><figure class=\"wpex-carousel-entry-media entry-media\"><img width=\"250\" height=\"101\" src=\"https:\/\/om3.es\/wp-content\/uploads\/2017\/10\/hyatt.jpg\" class=\"wpex-align-middle skip-lazy\" alt=\"\" data-no-lazy=\"1\" \/><\/figure><\/div><div class=\"wpex-carousel-slide\"><figure class=\"wpex-carousel-entry-media entry-media\"><img width=\"250\" height=\"101\" src=\"https:\/\/om3.es\/wp-content\/uploads\/2017\/10\/mett.jpg\" class=\"wpex-align-middle skip-lazy\" alt=\"\" data-no-lazy=\"1\" \/><\/figure><\/div><div class=\"wpex-carousel-slide\"><figure class=\"wpex-carousel-entry-media entry-media\"><img width=\"250\" height=\"101\" src=\"https:\/\/om3.es\/wp-content\/uploads\/2017\/10\/ritz.jpg\" class=\"wpex-align-middle skip-lazy\" alt=\"\" data-no-lazy=\"1\" \/><\/figure><\/div><div class=\"wpex-carousel-slide\"><figure class=\"wpex-carousel-entry-media entry-media\"><img width=\"250\" height=\"101\" src=\"https:\/\/om3.es\/wp-content\/uploads\/2017\/10\/tapestry.jpg\" class=\"wpex-align-middle skip-lazy\" alt=\"\" data-no-lazy=\"1\" \/><\/figure><\/div><div class=\"wpex-carousel-slide\"><figure class=\"wpex-carousel-entry-media entry-media\"><img width=\"250\" height=\"101\" src=\"https:\/\/om3.es\/wp-content\/uploads\/2017\/10\/worldwide.jpg\" class=\"wpex-align-middle skip-lazy\" alt=\"\" data-no-lazy=\"1\" \/><\/figure><\/div><div class=\"wpex-carousel-slide\"><figure class=\"wpex-carousel-entry-media entry-media\"><img width=\"250\" height=\"101\" src=\"https:\/\/om3.es\/wp-content\/uploads\/2025\/06\/hard-rock.jpg\" class=\"wpex-align-middle skip-lazy\" alt=\"Hard Rock\" data-no-lazy=\"1\" \/><\/figure><\/div><div class=\"wpex-carousel-slide\"><figure class=\"wpex-carousel-entry-media entry-media\"><img width=\"250\" height=\"101\" src=\"https:\/\/om3.es\/wp-content\/uploads\/2025\/06\/spark.jpg\" class=\"wpex-align-middle skip-lazy\" alt=\"Sparks\" data-no-lazy=\"1\" \/><\/figure><\/div><div class=\"wpex-carousel-slide\"><figure class=\"wpex-carousel-entry-media entry-media\"><img width=\"250\" height=\"101\" src=\"https:\/\/om3.es\/wp-content\/uploads\/2025\/06\/sls-h.jpg\" class=\"wpex-align-middle skip-lazy\" alt=\"\" data-no-lazy=\"1\" \/><\/figure><\/div><\/div>[\/vc_column][\/vc_row][vc_row full_width=\u00bbstretch_row_content_no_spaces\u00bb disable_element=\u00bbyes\u00bb][vc_column width=\u00bb1\/2&#8243; css=\u00bb.vc_custom_1749501188365{padding-top: 250px !important;padding-bottom: 250px !important;background-image: url(https:\/\/om3.es\/wp-content\/uploads\/2025\/06\/servicios.jpg?id=3259) !important;background-position: center !important;background-repeat: no-repeat !important;background-size: cover !important;}\u00bb][vc_column_text]\n<p>I am text block. Click edit button to change this text. Lorem ipsum dolor sit amet, consectetur adipiscing elit. Ut elit tellus, luctus nec ullamcorper mattis, pulvinar dapibus leo.<\/p>\n[\/vc_column_text][\/vc_column][vc_column width=\u00bb1\/2&#8243;][\/vc_column][\/vc_row]\n<\/div>","protected":false},"excerpt":{"rendered":"<p>[vc_row disable_element=\u00bbyes\u00bb css=\u00bb.vc_custom_1749150928276{padding-top: 50px !important;}\u00bb][vc_column][vc_column_text] Firm specialized in Hospitality Asset Development We manage the project globally; from its structuring through design, development, construction, fit out and equipment, to opening [\/vc_column_text][\/vc_column][\/vc_row][vc_row disable_element=\u00bbyes\u00bb css=\u00bb.vc_custom_1618226209741{margin-top: 10px !important;margin-bottom: 0px !important;border-bottom-width: 0px !important;padding-bottom: 0px !important;}\u00bb][vc_column][vc_text_separator title=\u00bbClients\u00bb][\/vc_column][\/vc_row][vc_row full_width=\u00bbstretch_row_content_no_spaces\u00bb disable_element=\u00bbyes\u00bb css=\u00bb.vc_custom_1749578566087{margin-top: 0px !important;margin-bottom: 0px !important;border-bottom-width: 0px !important;padding-top: 20px !important;padding-bottom: 0px !important;background-color: #f6f6f6&hellip;<\/p>\n","protected":false},"author":1,"featured_media":0,"parent":0,"menu_order":0,"comment_status":"closed","ping_status":"closed","template":"","meta":{"inline_featured_image":false,"footnotes":""},"yoast_head":"<!-- This site is optimized with the Yoast SEO plugin v22.8 - https:\/\/yoast.com\/wordpress\/plugins\/seo\/ -->\n<title>OM3 Hospitality | Consultora de Desarrollo Hotelero<\/title>\n<meta name=\"description\" content=\"OM3 Hospitality. Desarrollo hotelero. Gestionamos el proyecto globalmente; estructuraci\u00f3n, dise\u00f1o, construcci\u00f3n y equipamiento\" \/>\n<meta name=\"robots\" content=\"index, follow, max-snippet:-1, max-image-preview:large, max-video-preview:-1\" \/>\n<link rel=\"canonical\" href=\"https:\/\/om3.es\/es\/\" \/>\n<meta property=\"og:locale\" content=\"es_ES\" \/>\n<meta property=\"og:type\" content=\"article\" \/>\n<meta property=\"og:title\" content=\"OM3 Hospitality | Consultora de Desarrollo Hotelero\" \/>\n<meta property=\"og:description\" content=\"OM3 Hospitality. Desarrollo hotelero. Gestionamos el proyecto globalmente; estructuraci\u00f3n, dise\u00f1o, construcci\u00f3n y equipamiento\" \/>\n<meta property=\"og:url\" content=\"https:\/\/om3.es\/es\/\" \/>\n<meta property=\"og:site_name\" content=\"OM3 Hospitality\" \/>\n<meta property=\"article:modified_time\" content=\"2025-06-10T20:18:42+00:00\" \/>\n<meta name=\"twitter:card\" content=\"summary_large_image\" \/>\n<meta name=\"twitter:label1\" content=\"Tiempo de lectura\" \/>\n\t<meta name=\"twitter:data1\" content=\"1 minuto\" \/>\n<script type=\"application\/ld+json\" class=\"yoast-schema-graph\">{\"@context\":\"https:\/\/schema.org\",\"@graph\":[{\"@type\":\"WebPage\",\"@id\":\"https:\/\/om3.es\/es\/\",\"url\":\"https:\/\/om3.es\/es\/\",\"name\":\"OM3 Hospitality | Consultora de Desarrollo Hotelero\",\"isPartOf\":{\"@id\":\"https:\/\/om3.es\/es\/#website\"},\"datePublished\":\"2017-06-14T18:00:41+00:00\",\"dateModified\":\"2025-06-10T20:18:42+00:00\",\"description\":\"OM3 Hospitality. Desarrollo hotelero. Gestionamos el proyecto globalmente; estructuraci\u00f3n, dise\u00f1o, construcci\u00f3n y equipamiento\",\"breadcrumb\":{\"@id\":\"https:\/\/om3.es\/es\/#breadcrumb\"},\"inLanguage\":\"es\",\"potentialAction\":[{\"@type\":\"ReadAction\",\"target\":[\"https:\/\/om3.es\/es\/\"]}]},{\"@type\":\"BreadcrumbList\",\"@id\":\"https:\/\/om3.es\/es\/#breadcrumb\",\"itemListElement\":[{\"@type\":\"ListItem\",\"position\":1,\"name\":\"Portada\",\"item\":\"https:\/\/om3.es\/es\/\"},{\"@type\":\"ListItem\",\"position\":2,\"name\":\"Consultora de Desarrollo Hotelero\"}]},{\"@type\":\"WebSite\",\"@id\":\"https:\/\/om3.es\/es\/#website\",\"url\":\"https:\/\/om3.es\/es\/\",\"name\":\"OM3 Management\",\"description\":\"Consultora de Desarrollo Hotelero\",\"publisher\":{\"@id\":\"https:\/\/om3.es\/es\/#organization\"},\"potentialAction\":[{\"@type\":\"SearchAction\",\"target\":{\"@type\":\"EntryPoint\",\"urlTemplate\":\"https:\/\/om3.es\/es\/?s={search_term_string}\"},\"query-input\":\"required name=search_term_string\"}],\"inLanguage\":\"es\"},{\"@type\":\"Organization\",\"@id\":\"https:\/\/om3.es\/es\/#organization\",\"name\":\"OM3 Management \u00b7 Consultora de Desarrollo Hotelero\",\"url\":\"https:\/\/om3.es\/es\/\",\"logo\":{\"@type\":\"ImageObject\",\"inLanguage\":\"es\",\"@id\":\"https:\/\/om3.es\/es\/#\/schema\/logo\/image\/\",\"url\":\"https:\/\/om3.es\/wp-content\/uploads\/2018\/05\/om3-logo.svg\",\"contentUrl\":\"https:\/\/om3.es\/wp-content\/uploads\/2018\/05\/om3-logo.svg\",\"width\":339.4,\"height\":113.5,\"caption\":\"OM3 Management \u00b7 Consultora de Desarrollo Hotelero\"},\"image\":{\"@id\":\"https:\/\/om3.es\/es\/#\/schema\/logo\/image\/\"}}]}<\/script>\n<!-- \/ Yoast SEO plugin. -->","yoast_head_json":{"title":"OM3 Hospitality | Consultora de Desarrollo Hotelero","description":"OM3 Hospitality. Desarrollo hotelero. Gestionamos el proyecto globalmente; estructuraci\u00f3n, dise\u00f1o, construcci\u00f3n y equipamiento","robots":{"index":"index","follow":"follow","max-snippet":"max-snippet:-1","max-image-preview":"max-image-preview:large","max-video-preview":"max-video-preview:-1"},"canonical":"https:\/\/om3.es\/es\/","og_locale":"es_ES","og_type":"article","og_title":"OM3 Hospitality | Consultora de Desarrollo Hotelero","og_description":"OM3 Hospitality. Desarrollo hotelero. Gestionamos el proyecto globalmente; estructuraci\u00f3n, dise\u00f1o, construcci\u00f3n y equipamiento","og_url":"https:\/\/om3.es\/es\/","og_site_name":"OM3 Hospitality","article_modified_time":"2025-06-10T20:18:42+00:00","twitter_card":"summary_large_image","twitter_misc":{"Tiempo de lectura":"1 minuto"},"schema":{"@context":"https:\/\/schema.org","@graph":[{"@type":"WebPage","@id":"https:\/\/om3.es\/es\/","url":"https:\/\/om3.es\/es\/","name":"OM3 Hospitality | Consultora de Desarrollo Hotelero","isPartOf":{"@id":"https:\/\/om3.es\/es\/#website"},"datePublished":"2017-06-14T18:00:41+00:00","dateModified":"2025-06-10T20:18:42+00:00","description":"OM3 Hospitality. Desarrollo hotelero. Gestionamos el proyecto globalmente; estructuraci\u00f3n, dise\u00f1o, construcci\u00f3n y equipamiento","breadcrumb":{"@id":"https:\/\/om3.es\/es\/#breadcrumb"},"inLanguage":"es","potentialAction":[{"@type":"ReadAction","target":["https:\/\/om3.es\/es\/"]}]},{"@type":"BreadcrumbList","@id":"https:\/\/om3.es\/es\/#breadcrumb","itemListElement":[{"@type":"ListItem","position":1,"name":"Portada","item":"https:\/\/om3.es\/es\/"},{"@type":"ListItem","position":2,"name":"Consultora de Desarrollo Hotelero"}]},{"@type":"WebSite","@id":"https:\/\/om3.es\/es\/#website","url":"https:\/\/om3.es\/es\/","name":"OM3 Management","description":"Consultora de Desarrollo Hotelero","publisher":{"@id":"https:\/\/om3.es\/es\/#organization"},"potentialAction":[{"@type":"SearchAction","target":{"@type":"EntryPoint","urlTemplate":"https:\/\/om3.es\/es\/?s={search_term_string}"},"query-input":"required name=search_term_string"}],"inLanguage":"es"},{"@type":"Organization","@id":"https:\/\/om3.es\/es\/#organization","name":"OM3 Management \u00b7 Consultora de Desarrollo Hotelero","url":"https:\/\/om3.es\/es\/","logo":{"@type":"ImageObject","inLanguage":"es","@id":"https:\/\/om3.es\/es\/#\/schema\/logo\/image\/","url":"https:\/\/om3.es\/wp-content\/uploads\/2018\/05\/om3-logo.svg","contentUrl":"https:\/\/om3.es\/wp-content\/uploads\/2018\/05\/om3-logo.svg","width":339.4,"height":113.5,"caption":"OM3 Management \u00b7 Consultora de Desarrollo Hotelero"},"image":{"@id":"https:\/\/om3.es\/es\/#\/schema\/logo\/image\/"}}]}},"_links":{"self":[{"href":"https:\/\/om3.es\/es\/wp-json\/wp\/v2\/pages\/686"}],"collection":[{"href":"https:\/\/om3.es\/es\/wp-json\/wp\/v2\/pages"}],"about":[{"href":"https:\/\/om3.es\/es\/wp-json\/wp\/v2\/types\/page"}],"author":[{"embeddable":true,"href":"https:\/\/om3.es\/es\/wp-json\/wp\/v2\/users\/1"}],"replies":[{"embeddable":true,"href":"https:\/\/om3.es\/es\/wp-json\/wp\/v2\/comments?post=686"}],"version-history":[{"count":96,"href":"https:\/\/om3.es\/es\/wp-json\/wp\/v2\/pages\/686\/revisions"}],"predecessor-version":[{"id":3297,"href":"https:\/\/om3.es\/es\/wp-json\/wp\/v2\/pages\/686\/revisions\/3297"}],"wp:attachment":[{"href":"https:\/\/om3.es\/es\/wp-json\/wp\/v2\/media?parent=686"}],"curies":[{"name":"wp","href":"https:\/\/api.w.org\/{rel}","templated":true}]}}