{"id":171,"date":"2014-09-07T22:27:23","date_gmt":"2014-09-07T22:27:23","guid":{"rendered":"http:\/\/wp.dev\/total-business-1\/?page_id=171"},"modified":"2025-06-10T18:11:14","modified_gmt":"2025-06-10T18:11:14","slug":"servicios","status":"publish","type":"page","link":"https:\/\/om3.es\/es\/servicios\/","title":{"rendered":"Servicios"},"content":{"rendered":"<div class=\"wpb-content-wrapper\">[vc_row equal_height=\u00bbyes\u00bb center_row=\u00bbyes\u00bb el_id=\u00bbflat-services\u00bb css=\u00bb.vc_custom_1749578967953{margin-top: 40px !important;padding-top: 0px !important;padding-bottom: 20px !important;}\u00bb][vc_column width=\u00bb1\/3&#8243; css=\u00bb.vc_custom_1497636551745{border-top-width: 1px !important;border-right-width: 1px !important;border-bottom-width: 1px !important;border-left-width: 1px !important;padding-top: 20px !important;padding-right: 20px !important;padding-bottom: 20px !important;padding-left: 20px !important;border-left-color: #f0f0f0 !important;border-left-style: solid !important;border-right-color: #f0f0f0 !important;border-right-style: solid !important;border-top-color: #f0f0f0 !important;border-top-style: solid !important;border-bottom-color: #f0f0f0 !important;border-bottom-style: solid !important;}\u00bb][vc_single_image image=\u00bb787&#8243; onclick=\u00bbcustom_link\u00bb css=\u00bb\u00bb link=\u00bb\/es\/consultoria-tecnica-hotelera\/\u00bb img_hover=\u00bbgrayscale\u00bb]<div class=\"vcex-module vcex-icon-box vcex-icon-box-two wpex-max-w-100 wpex-mx-auto wpex-block vcex-icon-box-wo-icon wpex-text-center vc_custom_1749323481080\" style=\"width:100%;\"><div class=\"vcex-icon-box-text\"><div class=\"vcex-icon-box-content wpex-last-mb-0 wpex-clr\"><h4 style=\"text-align: center\"><a href=\"\/es\/consultoria-tecnica-hotelera\/\/\" target=\"_self\" rel=\"noopener\">Consultor\u00eda T\u00e9cnica Hotelera<\/a><\/h4>\n<\/div><\/div><\/div>[\/vc_column][vc_column width=\u00bb1\/3&#8243; css=\u00bb.vc_custom_1497636693336{border-top-width: 1px !important;border-right-width: 1px !important;border-bottom-width: 1px !important;border-left-width: 1px !important;padding-top: 20px !important;padding-right: 20px !important;padding-bottom: 20px !important;padding-left: 20px !important;border-left-color: #f0f0f0 !important;border-left-style: solid !important;border-right-color: #f0f0f0 !important;border-right-style: solid !important;border-top-color: #f0f0f0 !important;border-top-style: solid !important;border-bottom-color: #f0f0f0 !important;border-bottom-style: solid !important;}\u00bb][vc_single_image image=\u00bb2113&#8243; onclick=\u00bbcustom_link\u00bb css=\u00bb\u00bb link=\u00bb\/es\/consultoria-de-desarrollo-gerencia-de-proyecto\/\u00bb img_hover=\u00bbgrayscale\u00bb]<div class=\"vcex-module vcex-icon-box vcex-icon-box-two wpex-max-w-100 wpex-mx-auto wpex-block vcex-icon-box-wo-icon wpex-text-center vc_custom_1749323502953\" style=\"width:100%;\"><div class=\"vcex-icon-box-text\"><div class=\"vcex-icon-box-content wpex-last-mb-0 wpex-clr\"><h4 style=\"text-align: center\"><a href=\"\/es\/consultoria-de-desarrollo-gerencia-de-proyecto\/\" target=\"_self\" rel=\"noopener\">Gerencia de proyecto<\/a><\/h4>\n<\/div><\/div><\/div>[\/vc_column][vc_column width=\u00bb1\/3&#8243; css=\u00bb.vc_custom_1497638461107{border-top-width: 1px !important;border-right-width: 1px !important;border-bottom-width: 1px !important;border-left-width: 1px !important;padding-top: 20px !important;padding-right: 20px !important;padding-bottom: 20px !important;padding-left: 20px !important;border-left-color: #f0f0f0 !important;border-left-style: solid !important;border-right-color: #f0f0f0 !important;border-right-style: solid !important;border-top-color: #f0f0f0 !important;border-top-style: solid !important;border-bottom-color: #f0f0f0 !important;border-bottom-style: solid !important;}\u00bb][vc_single_image image=\u00bb816&#8243; onclick=\u00bbcustom_link\u00bb css=\u00bb\u00bb link=\u00bb\/es\/gerencia-de-compras-de-ffe-y-ose\/\u00bb img_hover=\u00bbgrayscale\u00bb]<div class=\"vcex-module vcex-icon-box vcex-icon-box-two wpex-max-w-100 wpex-mx-auto wpex-block vcex-icon-box-wo-icon wpex-text-center vc_custom_1749323519139\" style=\"width:100%;\"><div class=\"vcex-icon-box-text\"><div class=\"vcex-icon-box-content wpex-last-mb-0 wpex-clr\"><h4 style=\"text-align: center\"><a href=\"\/es\/gerencia-de-compras-de-ffe-y-ose\/\" target=\"_self\" rel=\"noopener\">Gerencia de compras de FF&amp;E y OS&amp;E<\/a><\/h4>\n<\/div><\/div><\/div>[\/vc_column][\/vc_row][vc_row full_width=\u00bbstretch_row\u00bb][vc_column][vc_column_text]\n<div style=\"text-align: center; border-bottom: 2px solid #f0f0f0; padding-bottom: 10px;\">\n<p><strong style=\"color: #fa0000;\">OM3<\/strong> es su socio de confianza para el desarrollo hotelero, que actuar\u00e1 como representante de la propiedad durante todo el proyecto, de principio a fin, garantizando una decisi\u00f3n sensata de inversi\u00f3n y asegurando su materializaci\u00f3n mediante la gesti\u00f3n y coordinaci\u00f3n de todos los aspectos e intereses del proyecto.<\/p>\n<\/div>\n[\/vc_column_text][\/vc_column][\/vc_row]\n<\/div>","protected":false},"excerpt":{"rendered":"<p>[vc_row equal_height=\u00bbyes\u00bb center_row=\u00bbyes\u00bb el_id=\u00bbflat-services\u00bb css=\u00bb.vc_custom_1749578967953{margin-top: 40px !important;padding-top: 0px !important;padding-bottom: 20px !important;}\u00bb][vc_column width=\u00bb1\/3&#8243; css=\u00bb.vc_custom_1497636551745{border-top-width: 1px !important;border-right-width: 1px !important;border-bottom-width: 1px !important;border-left-width: 1px !important;padding-top: 20px !important;padding-right: 20px !important;padding-bottom: 20px !important;padding-left: 20px !important;border-left-color: #f0f0f0 !important;border-left-style: solid !important;border-right-color: #f0f0f0 !important;border-right-style: solid !important;border-top-color: #f0f0f0 !important;border-top-style: solid !important;border-bottom-color: #f0f0f0 !important;border-bottom-style: solid !important;}\u00bb][vc_single_image image=\u00bb787&#8243; onclick=\u00bbcustom_link\u00bb css=\u00bb\u00bb link=\u00bb\/es\/consultoria-tecnica-hotelera\/\u00bb img_hover=\u00bbgrayscale\u00bb][\/vc_column][vc_column width=\u00bb1\/3&#8243; css=\u00bb.vc_custom_1497636693336{border-top-width: 1px !important;border-right-width: 1px&hellip;<\/p>\n","protected":false},"author":1,"featured_media":0,"parent":0,"menu_order":0,"comment_status":"closed","ping_status":"closed","template":"","meta":{"inline_featured_image":false,"footnotes":""},"yoast_head":"<!-- This site is optimized with the Yoast SEO plugin v22.8 - https:\/\/yoast.com\/wordpress\/plugins\/seo\/ -->\n<title>Servicios | OM3 Hospitality<\/title>\n<meta name=\"description\" content=\"OM3 es su socio de confianza para el desarrollo hotelero, que actuar\u00e1 como representante de la propiedad durante todo el proyecto...\" \/>\n<meta name=\"robots\" content=\"index, follow, max-snippet:-1, max-image-preview:large, max-video-preview:-1\" \/>\n<link rel=\"canonical\" href=\"https:\/\/om3.es\/es\/servicios\/\" \/>\n<meta property=\"og:locale\" content=\"es_ES\" \/>\n<meta property=\"og:type\" content=\"article\" \/>\n<meta property=\"og:title\" content=\"Servicios | OM3 Hospitality\" \/>\n<meta property=\"og:description\" content=\"OM3 es su socio de confianza para el desarrollo hotelero, que actuar\u00e1 como representante de la propiedad durante todo el proyecto...\" \/>\n<meta property=\"og:url\" content=\"https:\/\/om3.es\/es\/servicios\/\" \/>\n<meta property=\"og:site_name\" content=\"OM3 Hospitality\" \/>\n<meta property=\"article:modified_time\" content=\"2025-06-10T18:11:14+00:00\" \/>\n<meta name=\"twitter:card\" content=\"summary_large_image\" \/>\n<meta name=\"twitter:label1\" content=\"Tiempo de lectura\" \/>\n\t<meta name=\"twitter:data1\" content=\"2 minutos\" \/>\n<script type=\"application\/ld+json\" class=\"yoast-schema-graph\">{\"@context\":\"https:\/\/schema.org\",\"@graph\":[{\"@type\":\"WebPage\",\"@id\":\"https:\/\/om3.es\/es\/servicios\/\",\"url\":\"https:\/\/om3.es\/es\/servicios\/\",\"name\":\"Servicios | OM3 Hospitality\",\"isPartOf\":{\"@id\":\"https:\/\/om3.es\/es\/#website\"},\"datePublished\":\"2014-09-07T22:27:23+00:00\",\"dateModified\":\"2025-06-10T18:11:14+00:00\",\"description\":\"OM3 es su socio de confianza para el desarrollo hotelero, que actuar\u00e1 como representante de la propiedad durante todo el proyecto...\",\"breadcrumb\":{\"@id\":\"https:\/\/om3.es\/es\/servicios\/#breadcrumb\"},\"inLanguage\":\"es\",\"potentialAction\":[{\"@type\":\"ReadAction\",\"target\":[\"https:\/\/om3.es\/es\/servicios\/\"]}]},{\"@type\":\"BreadcrumbList\",\"@id\":\"https:\/\/om3.es\/es\/servicios\/#breadcrumb\",\"itemListElement\":[{\"@type\":\"ListItem\",\"position\":1,\"name\":\"Portada\",\"item\":\"https:\/\/om3.es\/es\/\"},{\"@type\":\"ListItem\",\"position\":2,\"name\":\"Servicios\"}]},{\"@type\":\"WebSite\",\"@id\":\"https:\/\/om3.es\/es\/#website\",\"url\":\"https:\/\/om3.es\/es\/\",\"name\":\"OM3 Management\",\"description\":\"Consultora de Desarrollo Hotelero\",\"publisher\":{\"@id\":\"https:\/\/om3.es\/es\/#organization\"},\"potentialAction\":[{\"@type\":\"SearchAction\",\"target\":{\"@type\":\"EntryPoint\",\"urlTemplate\":\"https:\/\/om3.es\/es\/?s={search_term_string}\"},\"query-input\":\"required name=search_term_string\"}],\"inLanguage\":\"es\"},{\"@type\":\"Organization\",\"@id\":\"https:\/\/om3.es\/es\/#organization\",\"name\":\"OM3 Management \u00b7 Consultora de Desarrollo Hotelero\",\"url\":\"https:\/\/om3.es\/es\/\",\"logo\":{\"@type\":\"ImageObject\",\"inLanguage\":\"es\",\"@id\":\"https:\/\/om3.es\/es\/#\/schema\/logo\/image\/\",\"url\":\"https:\/\/om3.es\/wp-content\/uploads\/2018\/05\/om3-logo.svg\",\"contentUrl\":\"https:\/\/om3.es\/wp-content\/uploads\/2018\/05\/om3-logo.svg\",\"width\":339.4,\"height\":113.5,\"caption\":\"OM3 Management \u00b7 Consultora de Desarrollo Hotelero\"},\"image\":{\"@id\":\"https:\/\/om3.es\/es\/#\/schema\/logo\/image\/\"}}]}<\/script>\n<!-- \/ Yoast SEO plugin. -->","yoast_head_json":{"title":"Servicios | OM3 Hospitality","description":"OM3 es su socio de confianza para el desarrollo hotelero, que actuar\u00e1 como representante de la propiedad durante todo el proyecto...","robots":{"index":"index","follow":"follow","max-snippet":"max-snippet:-1","max-image-preview":"max-image-preview:large","max-video-preview":"max-video-preview:-1"},"canonical":"https:\/\/om3.es\/es\/servicios\/","og_locale":"es_ES","og_type":"article","og_title":"Servicios | OM3 Hospitality","og_description":"OM3 es su socio de confianza para el desarrollo hotelero, que actuar\u00e1 como representante de la propiedad durante todo el proyecto...","og_url":"https:\/\/om3.es\/es\/servicios\/","og_site_name":"OM3 Hospitality","article_modified_time":"2025-06-10T18:11:14+00:00","twitter_card":"summary_large_image","twitter_misc":{"Tiempo de lectura":"2 minutos"},"schema":{"@context":"https:\/\/schema.org","@graph":[{"@type":"WebPage","@id":"https:\/\/om3.es\/es\/servicios\/","url":"https:\/\/om3.es\/es\/servicios\/","name":"Servicios | OM3 Hospitality","isPartOf":{"@id":"https:\/\/om3.es\/es\/#website"},"datePublished":"2014-09-07T22:27:23+00:00","dateModified":"2025-06-10T18:11:14+00:00","description":"OM3 es su socio de confianza para el desarrollo hotelero, que actuar\u00e1 como representante de la propiedad durante todo el proyecto...","breadcrumb":{"@id":"https:\/\/om3.es\/es\/servicios\/#breadcrumb"},"inLanguage":"es","potentialAction":[{"@type":"ReadAction","target":["https:\/\/om3.es\/es\/servicios\/"]}]},{"@type":"BreadcrumbList","@id":"https:\/\/om3.es\/es\/servicios\/#breadcrumb","itemListElement":[{"@type":"ListItem","position":1,"name":"Portada","item":"https:\/\/om3.es\/es\/"},{"@type":"ListItem","position":2,"name":"Servicios"}]},{"@type":"WebSite","@id":"https:\/\/om3.es\/es\/#website","url":"https:\/\/om3.es\/es\/","name":"OM3 Management","description":"Consultora de Desarrollo Hotelero","publisher":{"@id":"https:\/\/om3.es\/es\/#organization"},"potentialAction":[{"@type":"SearchAction","target":{"@type":"EntryPoint","urlTemplate":"https:\/\/om3.es\/es\/?s={search_term_string}"},"query-input":"required name=search_term_string"}],"inLanguage":"es"},{"@type":"Organization","@id":"https:\/\/om3.es\/es\/#organization","name":"OM3 Management \u00b7 Consultora de Desarrollo Hotelero","url":"https:\/\/om3.es\/es\/","logo":{"@type":"ImageObject","inLanguage":"es","@id":"https:\/\/om3.es\/es\/#\/schema\/logo\/image\/","url":"https:\/\/om3.es\/wp-content\/uploads\/2018\/05\/om3-logo.svg","contentUrl":"https:\/\/om3.es\/wp-content\/uploads\/2018\/05\/om3-logo.svg","width":339.4,"height":113.5,"caption":"OM3 Management \u00b7 Consultora de Desarrollo Hotelero"},"image":{"@id":"https:\/\/om3.es\/es\/#\/schema\/logo\/image\/"}}]}},"_links":{"self":[{"href":"https:\/\/om3.es\/es\/wp-json\/wp\/v2\/pages\/171"}],"collection":[{"href":"https:\/\/om3.es\/es\/wp-json\/wp\/v2\/pages"}],"about":[{"href":"https:\/\/om3.es\/es\/wp-json\/wp\/v2\/types\/page"}],"author":[{"embeddable":true,"href":"https:\/\/om3.es\/es\/wp-json\/wp\/v2\/users\/1"}],"replies":[{"embeddable":true,"href":"https:\/\/om3.es\/es\/wp-json\/wp\/v2\/comments?post=171"}],"version-history":[{"count":66,"href":"https:\/\/om3.es\/es\/wp-json\/wp\/v2\/pages\/171\/revisions"}],"predecessor-version":[{"id":3289,"href":"https:\/\/om3.es\/es\/wp-json\/wp\/v2\/pages\/171\/revisions\/3289"}],"wp:attachment":[{"href":"https:\/\/om3.es\/es\/wp-json\/wp\/v2\/media?parent=171"}],"curies":[{"name":"wp","href":"https:\/\/api.w.org\/{rel}","templated":true}]}}