{"id":1498,"date":"2017-10-01T14:02:51","date_gmt":"2017-10-01T14:02:51","guid":{"rendered":"http:\/\/om3management.com\/servicios\/estructuracion-de-proyecto-copy\/"},"modified":"2025-06-05T17:30:38","modified_gmt":"2025-06-05T17:30:38","slug":"gerencia-de-compras-de-ffe-y-ose","status":"publish","type":"page","link":"https:\/\/om3.es\/es\/servicios\/gerencia-de-compras-de-ffe-y-ose\/","title":{"rendered":"Gerencia de compras de FF&#038;E y OS&#038;E"},"content":{"rendered":"<div class=\"wpb-content-wrapper\">[vc_row equal_height=\u00bbyes\u00bb css=\u00bb.vc_custom_1497781957508{border-left-width: 3px !important;padding-left: 10px !important;border-left-color: #f0f0f0 !important;border-left-style: solid !important;}\u00bb][vc_column][vc_separator color=\u00bbwhite\u00bb css=\u00bb.vc_custom_1749144534160{margin-bottom: 30px !important;}\u00bb]<div class=\"vcex-module vcex-icon-box vcex-icon-box-one wpex-flex wpex-text-left\"><div class=\"vcex-icon-box-symbol wpex-flex-shrink-0 wpex-mr-20\"><div class=\"vcex-icon-box-icon wpex-inline-flex wpex-items-center wpex-justify-center wpex-child-inherit-color wpex-text-center wpex-leading-none wpex-text-1 wpex-p-15\" style=\"color:#ffffff;border-radius:50%;background:#f90000;\"><span aria-hidden=\"true\" class=\"vc-oi vc-oi-cd\"><\/span><\/div><\/div><div class=\"vcex-icon-box-text wpex-flex-grow\"><h2 class=\"vcex-icon-box-heading wpex-heading wpex-text-md wpex-mb-10\" style=\"font-weight:300;color:#777777;--wpex-hover-heading-link-color:#777777;letter-spacing:1px;text-transform:uppercase;\">Compras<\/h2><div class=\"vcex-icon-box-content wpex-last-mb-0 wpex-clr\"><ul>\n<li>Revisar especificaciones de Proyecto desarrolladas por Interiorista<\/li>\n<li>An\u00e1lisis de especificaciones de FF&amp;E OS&amp;E de Operador<\/li>\n<li>Desarrollo de estado de mediciones de FF&amp;E OS&amp;E<\/li>\n<li>Establecimiento de presupuesto inicial en base a mediciones y posicionamiento del activo<\/li>\n<li>Pre-calificaci\u00f3n de proveedores que se ajusten al segmento de producto<\/li>\n<li>Desarrollo de programa de de adquisici\u00f3n, fabricaci\u00f3n, entrega e instalaci\u00f3n de FF&amp;E y OS&amp;E<\/li>\n<li>Gesti\u00f3n del proceso de licitaci\u00f3n competitivo a proveedores pre-seleccionados<\/li>\n<li>DGestionar el proceso de establecimiento de \u00f3rdenes de compra y contratos; posterior gesti\u00f3n administrativa<\/li>\n<li>Desarrollar y actualizar todos los documentos de control para el seguimiento de las \u00f3rdenes de compra<\/li>\n<li>Supervisar el proceso de fabricaci\u00f3n de elementos de FF&amp;E y OS&amp;E en tiempos y calidad; incluyendo el proceso de revisi\u00f3n y aprobaci\u00f3n de planos de taller<\/li>\n<\/ul>\n<\/div><\/div><\/div>[vc_separator color=\u00bbwhite\u00bb css=\u00bb.vc_custom_1749144540205{margin-bottom: 30px !important;}\u00bb]<div class=\"vcex-module vcex-icon-box vcex-icon-box-one wpex-flex wpex-text-left\"><div class=\"vcex-icon-box-symbol wpex-flex-shrink-0 wpex-mr-20\"><div class=\"vcex-icon-box-icon wpex-inline-flex wpex-items-center wpex-justify-center wpex-child-inherit-color wpex-text-center wpex-leading-none wpex-text-1 wpex-p-15\" style=\"color:#ffffff;border-radius:50%;background:#f90000;\"><span aria-hidden=\"true\" class=\"vc-oi vc-oi-cd\"><\/span><\/div><\/div><div class=\"vcex-icon-box-text wpex-flex-grow\"><h2 class=\"vcex-icon-box-heading wpex-heading wpex-text-md wpex-mb-10\" style=\"font-weight:300;color:#777777;--wpex-hover-heading-link-color:#777777;letter-spacing:1px;text-transform:uppercase;\">Log\u00edstica<\/h2><div class=\"vcex-icon-box-content wpex-last-mb-0 wpex-clr\"><ul>\n<li>Desarrollar la estrategia log\u00edstica de transporte y entrega desde origen a destino (obra o almac\u00e9n intermedio)<\/li>\n<li>Gestionar un programa de almacenamiento de elementos de FF&amp;E OS&amp;E compatible con programa de instalaci\u00f3n<\/li>\n<\/ul>\n<\/div><\/div><\/div>[vc_separator color=\u00bbwhite\u00bb css=\u00bb.vc_custom_1749144546677{margin-bottom: 30px !important;}\u00bb]<div class=\"vcex-module vcex-icon-box vcex-icon-box-one wpex-flex wpex-text-left\"><div class=\"vcex-icon-box-symbol wpex-flex-shrink-0 wpex-mr-20\"><div class=\"vcex-icon-box-icon wpex-inline-flex wpex-items-center wpex-justify-center wpex-child-inherit-color wpex-text-center wpex-leading-none wpex-text-1 wpex-p-15\" style=\"color:#ffffff;border-radius:50%;background:#f90000;\"><span aria-hidden=\"true\" class=\"vc-oi vc-oi-cd\"><\/span><\/div><\/div><div class=\"vcex-icon-box-text wpex-flex-grow\"><h2 class=\"vcex-icon-box-heading wpex-heading wpex-text-md wpex-mb-10\" style=\"font-weight:300;color:#777777;--wpex-hover-heading-link-color:#777777;letter-spacing:1px;text-transform:uppercase;\">Instalaci\u00f3n<\/h2><div class=\"vcex-icon-box-content wpex-last-mb-0 wpex-clr\"><ul>\n<li>Desarrollar programa de instalaci\u00f3n compatible con el programa de entrega del proyecto<\/li>\n<li>Pre-calificar, licitar y recomendar adjudicaci\u00f3n de empresas especializadas en instalaciones hoteleras<\/li>\n<li>Coordinar y supervisar el programa de instalaci\u00f3n de FF&amp;E y OS&amp;E del proyecto<\/li>\n<li>Mantener actualizada la proyecci\u00f3n presupuestaria de FF&amp;E OS&amp;E del proyecto, incluyendo reporte mensual al cliente<\/li>\n<li>Desarrollar bajo f\u00f3rmula fast-track el amueblamiento y equipamiento de la habitaci\u00f3n muestra<\/li>\n<li>Gestionar el proceso de aceptaci\u00f3n y entrega por zonas del FF&amp;E OS&amp;E al operador hotelero<\/li>\n<li>Recopilaci\u00f3n y entrega de garant\u00edas, manuales de uso y mantenimiento y certificados (ign\u00edfugos, abrasi\u00f3n, etc.)<\/li>\n<li>Cierre presupuestario del proyecto<\/li>\n<\/ul>\n<\/div><\/div><\/div>[\/vc_column][\/vc_row]\n<\/div>","protected":false},"excerpt":{"rendered":"<p>[vc_row equal_height=\u00bbyes\u00bb css=\u00bb.vc_custom_1497781957508{border-left-width: 3px !important;padding-left: 10px !important;border-left-color: #f0f0f0 !important;border-left-style: solid !important;}\u00bb][vc_column][vc_separator color=\u00bbwhite\u00bb css=\u00bb.vc_custom_1749144534160{margin-bottom: 30px !important;}\u00bb][vc_separator color=\u00bbwhite\u00bb css=\u00bb.vc_custom_1749144540205{margin-bottom: 30px !important;}\u00bb][vc_separator color=\u00bbwhite\u00bb css=\u00bb.vc_custom_1749144546677{margin-bottom: 30px !important;}\u00bb][\/vc_column][\/vc_row]<\/p>\n","protected":false},"author":1,"featured_media":0,"parent":171,"menu_order":0,"comment_status":"closed","ping_status":"closed","template":"","meta":{"inline_featured_image":false,"footnotes":""},"yoast_head":"<!-- This site is optimized with the Yoast SEO plugin v22.8 - https:\/\/yoast.com\/wordpress\/plugins\/seo\/ -->\n<title>Gerencia de compras de FF&amp;E y OS&amp;E | OM3 Hospitality<\/title>\n<meta name=\"description\" content=\"Gerencia de compras de FF&amp;E y OS&amp;E. Compras. Revisar especificaciones de Proyecto desarrolladas por Interiorista...\" \/>\n<meta name=\"robots\" content=\"index, follow, max-snippet:-1, max-image-preview:large, max-video-preview:-1\" \/>\n<link rel=\"canonical\" href=\"https:\/\/om3.es\/es\/servicios\/gerencia-de-compras-de-ffe-y-ose\/\" \/>\n<meta property=\"og:locale\" content=\"es_ES\" \/>\n<meta property=\"og:type\" content=\"article\" \/>\n<meta property=\"og:title\" content=\"Gerencia de compras de FF&amp;E y OS&amp;E | OM3 Hospitality\" \/>\n<meta property=\"og:description\" content=\"Gerencia de compras de FF&amp;E y OS&amp;E. Compras. Revisar especificaciones de Proyecto desarrolladas por Interiorista...\" \/>\n<meta property=\"og:url\" content=\"https:\/\/om3.es\/es\/servicios\/gerencia-de-compras-de-ffe-y-ose\/\" \/>\n<meta property=\"og:site_name\" content=\"OM3 Hospitality\" \/>\n<meta property=\"article:modified_time\" content=\"2025-06-05T17:30:38+00:00\" \/>\n<meta name=\"twitter:card\" content=\"summary_large_image\" \/>\n<meta name=\"twitter:label1\" content=\"Tiempo de lectura\" \/>\n\t<meta name=\"twitter:data1\" content=\"2 minutos\" \/>\n<script type=\"application\/ld+json\" class=\"yoast-schema-graph\">{\"@context\":\"https:\/\/schema.org\",\"@graph\":[{\"@type\":\"WebPage\",\"@id\":\"https:\/\/om3.es\/es\/servicios\/gerencia-de-compras-de-ffe-y-ose\/\",\"url\":\"https:\/\/om3.es\/es\/servicios\/gerencia-de-compras-de-ffe-y-ose\/\",\"name\":\"Gerencia de compras de FF&E y OS&E | OM3 Hospitality\",\"isPartOf\":{\"@id\":\"https:\/\/om3.es\/es\/#website\"},\"datePublished\":\"2017-10-01T14:02:51+00:00\",\"dateModified\":\"2025-06-05T17:30:38+00:00\",\"description\":\"Gerencia de compras de FF&E y OS&E. Compras. Revisar especificaciones de Proyecto desarrolladas por Interiorista...\",\"breadcrumb\":{\"@id\":\"https:\/\/om3.es\/es\/servicios\/gerencia-de-compras-de-ffe-y-ose\/#breadcrumb\"},\"inLanguage\":\"es\",\"potentialAction\":[{\"@type\":\"ReadAction\",\"target\":[\"https:\/\/om3.es\/es\/servicios\/gerencia-de-compras-de-ffe-y-ose\/\"]}]},{\"@type\":\"BreadcrumbList\",\"@id\":\"https:\/\/om3.es\/es\/servicios\/gerencia-de-compras-de-ffe-y-ose\/#breadcrumb\",\"itemListElement\":[{\"@type\":\"ListItem\",\"position\":1,\"name\":\"Portada\",\"item\":\"https:\/\/om3.es\/es\/\"},{\"@type\":\"ListItem\",\"position\":2,\"name\":\"Servicios\",\"item\":\"https:\/\/om3.es\/es\/servicios\/\"},{\"@type\":\"ListItem\",\"position\":3,\"name\":\"Gerencia de compras de FF&#038;E y OS&#038;E\"}]},{\"@type\":\"WebSite\",\"@id\":\"https:\/\/om3.es\/es\/#website\",\"url\":\"https:\/\/om3.es\/es\/\",\"name\":\"OM3 Management\",\"description\":\"Consultora de Desarrollo Hotelero\",\"publisher\":{\"@id\":\"https:\/\/om3.es\/es\/#organization\"},\"potentialAction\":[{\"@type\":\"SearchAction\",\"target\":{\"@type\":\"EntryPoint\",\"urlTemplate\":\"https:\/\/om3.es\/es\/?s={search_term_string}\"},\"query-input\":\"required name=search_term_string\"}],\"inLanguage\":\"es\"},{\"@type\":\"Organization\",\"@id\":\"https:\/\/om3.es\/es\/#organization\",\"name\":\"OM3 Management \u00b7 Consultora de Desarrollo Hotelero\",\"url\":\"https:\/\/om3.es\/es\/\",\"logo\":{\"@type\":\"ImageObject\",\"inLanguage\":\"es\",\"@id\":\"https:\/\/om3.es\/es\/#\/schema\/logo\/image\/\",\"url\":\"https:\/\/om3.es\/wp-content\/uploads\/2018\/05\/om3-logo.svg\",\"contentUrl\":\"https:\/\/om3.es\/wp-content\/uploads\/2018\/05\/om3-logo.svg\",\"width\":339.4,\"height\":113.5,\"caption\":\"OM3 Management \u00b7 Consultora de Desarrollo Hotelero\"},\"image\":{\"@id\":\"https:\/\/om3.es\/es\/#\/schema\/logo\/image\/\"}}]}<\/script>\n<!-- \/ Yoast SEO plugin. -->","yoast_head_json":{"title":"Gerencia de compras de FF&E y OS&E | OM3 Hospitality","description":"Gerencia de compras de FF&E y OS&E. Compras. Revisar especificaciones de Proyecto desarrolladas por Interiorista...","robots":{"index":"index","follow":"follow","max-snippet":"max-snippet:-1","max-image-preview":"max-image-preview:large","max-video-preview":"max-video-preview:-1"},"canonical":"https:\/\/om3.es\/es\/servicios\/gerencia-de-compras-de-ffe-y-ose\/","og_locale":"es_ES","og_type":"article","og_title":"Gerencia de compras de FF&E y OS&E | OM3 Hospitality","og_description":"Gerencia de compras de FF&E y OS&E. Compras. Revisar especificaciones de Proyecto desarrolladas por Interiorista...","og_url":"https:\/\/om3.es\/es\/servicios\/gerencia-de-compras-de-ffe-y-ose\/","og_site_name":"OM3 Hospitality","article_modified_time":"2025-06-05T17:30:38+00:00","twitter_card":"summary_large_image","twitter_misc":{"Tiempo de lectura":"2 minutos"},"schema":{"@context":"https:\/\/schema.org","@graph":[{"@type":"WebPage","@id":"https:\/\/om3.es\/es\/servicios\/gerencia-de-compras-de-ffe-y-ose\/","url":"https:\/\/om3.es\/es\/servicios\/gerencia-de-compras-de-ffe-y-ose\/","name":"Gerencia de compras de FF&E y OS&E | OM3 Hospitality","isPartOf":{"@id":"https:\/\/om3.es\/es\/#website"},"datePublished":"2017-10-01T14:02:51+00:00","dateModified":"2025-06-05T17:30:38+00:00","description":"Gerencia de compras de FF&E y OS&E. Compras. Revisar especificaciones de Proyecto desarrolladas por Interiorista...","breadcrumb":{"@id":"https:\/\/om3.es\/es\/servicios\/gerencia-de-compras-de-ffe-y-ose\/#breadcrumb"},"inLanguage":"es","potentialAction":[{"@type":"ReadAction","target":["https:\/\/om3.es\/es\/servicios\/gerencia-de-compras-de-ffe-y-ose\/"]}]},{"@type":"BreadcrumbList","@id":"https:\/\/om3.es\/es\/servicios\/gerencia-de-compras-de-ffe-y-ose\/#breadcrumb","itemListElement":[{"@type":"ListItem","position":1,"name":"Portada","item":"https:\/\/om3.es\/es\/"},{"@type":"ListItem","position":2,"name":"Servicios","item":"https:\/\/om3.es\/es\/servicios\/"},{"@type":"ListItem","position":3,"name":"Gerencia de compras de FF&#038;E y OS&#038;E"}]},{"@type":"WebSite","@id":"https:\/\/om3.es\/es\/#website","url":"https:\/\/om3.es\/es\/","name":"OM3 Management","description":"Consultora de Desarrollo Hotelero","publisher":{"@id":"https:\/\/om3.es\/es\/#organization"},"potentialAction":[{"@type":"SearchAction","target":{"@type":"EntryPoint","urlTemplate":"https:\/\/om3.es\/es\/?s={search_term_string}"},"query-input":"required name=search_term_string"}],"inLanguage":"es"},{"@type":"Organization","@id":"https:\/\/om3.es\/es\/#organization","name":"OM3 Management \u00b7 Consultora de Desarrollo Hotelero","url":"https:\/\/om3.es\/es\/","logo":{"@type":"ImageObject","inLanguage":"es","@id":"https:\/\/om3.es\/es\/#\/schema\/logo\/image\/","url":"https:\/\/om3.es\/wp-content\/uploads\/2018\/05\/om3-logo.svg","contentUrl":"https:\/\/om3.es\/wp-content\/uploads\/2018\/05\/om3-logo.svg","width":339.4,"height":113.5,"caption":"OM3 Management \u00b7 Consultora de Desarrollo Hotelero"},"image":{"@id":"https:\/\/om3.es\/es\/#\/schema\/logo\/image\/"}}]}},"_links":{"self":[{"href":"https:\/\/om3.es\/es\/wp-json\/wp\/v2\/pages\/1498"}],"collection":[{"href":"https:\/\/om3.es\/es\/wp-json\/wp\/v2\/pages"}],"about":[{"href":"https:\/\/om3.es\/es\/wp-json\/wp\/v2\/types\/page"}],"author":[{"embeddable":true,"href":"https:\/\/om3.es\/es\/wp-json\/wp\/v2\/users\/1"}],"replies":[{"embeddable":true,"href":"https:\/\/om3.es\/es\/wp-json\/wp\/v2\/comments?post=1498"}],"version-history":[{"count":6,"href":"https:\/\/om3.es\/es\/wp-json\/wp\/v2\/pages\/1498\/revisions"}],"predecessor-version":[{"id":3164,"href":"https:\/\/om3.es\/es\/wp-json\/wp\/v2\/pages\/1498\/revisions\/3164"}],"up":[{"embeddable":true,"href":"https:\/\/om3.es\/es\/wp-json\/wp\/v2\/pages\/171"}],"wp:attachment":[{"href":"https:\/\/om3.es\/es\/wp-json\/wp\/v2\/media?parent=1498"}],"curies":[{"name":"wp","href":"https:\/\/api.w.org\/{rel}","templated":true}]}}